{"id":9752,"date":"2023-04-11T18:25:19","date_gmt":"2023-04-11T18:25:19","guid":{"rendered":"https:\/\/mzauto.ee\/?post_type=product&#038;p=9752"},"modified":"2023-04-11T18:27:53","modified_gmt":"2023-04-11T18:27:53","slug":"naba-sportrooli-kiirkinnitus-punane","status":"publish","type":"product","link":"https:\/\/mzauto.ee\/en\/toode\/naba-sportrooli-kiirkinnitus-punane\/","title":{"rendered":"Naba Sportrooli kiirkinnitus (Punane)"},"content":{"rendered":"<p>Rooli kiirkinnitus ehk seade, mille abil on v\u00f5imalik rool kiirelt kahe liigutusega eemaldada ja autost v\u00e4ljuda. Kaasas on 6 kinnituskruvi, mis v\u00f5imaldavad seda kasutada enamikel sportroolidel.<\/p>\n<p>Kiirkinnitus on lukustatud mitmel joonel ja see vastab k\u00f5igile ohutusstandarditele. Kaasas on tihvti kujul juhu lahti \u00fchendamise kaitse.<\/p>\n<p>Kiirkinnitus on valmistatud alumiiniumist. K\u00f5rgus 67mm, l\u00e4bim\u00f5\u00f5t 81mm.<\/p>\n","protected":false},"excerpt":{"rendered":"<p>Rooli kiirkinnitus ehk seade, mille abil on v\u00f5imalik rool kiirelt kahe liigutusega eemaldada ja autost v\u00e4ljuda. Kaasas on 6 kinnituskruvi, mis v\u00f5imaldavad seda kasutada enamikel sportroolidel.<span class=\"excerpt-hellip\"> [\u2026]<\/span><\/p>\n","protected":false},"featured_media":9753,"template":"","meta":{"_monsterinsights_skip_tracking":false,"_monsterinsights_sitenote_active":false,"_monsterinsights_sitenote_note":"","_monsterinsights_sitenote_category":0},"product_brand":[],"product_cat":[72,63],"product_tag":[],"class_list":{"0":"post-9752","1":"product","2":"type-product","3":"status-publish","4":"has-post-thumbnail","6":"product_cat-roolid-ja-adapterid","7":"product_cat-salong","9":"first","10":"instock","11":"taxable","12":"shipping-taxable","13":"purchasable","14":"product-type-simple"},"_links":{"self":[{"href":"https:\/\/mzauto.ee\/en\/wp-json\/wp\/v2\/product\/9752","targetHints":{"allow":["GET"]}}],"collection":[{"href":"https:\/\/mzauto.ee\/en\/wp-json\/wp\/v2\/product"}],"about":[{"href":"https:\/\/mzauto.ee\/en\/wp-json\/wp\/v2\/types\/product"}],"wp:featuredmedia":[{"embeddable":true,"href":"https:\/\/mzauto.ee\/en\/wp-json\/wp\/v2\/media\/9753"}],"wp:attachment":[{"href":"https:\/\/mzauto.ee\/en\/wp-json\/wp\/v2\/media?parent=9752"}],"wp:term":[{"taxonomy":"product_brand","embeddable":true,"href":"https:\/\/mzauto.ee\/en\/wp-json\/wp\/v2\/product_brand?post=9752"},{"taxonomy":"product_cat","embeddable":true,"href":"https:\/\/mzauto.ee\/en\/wp-json\/wp\/v2\/product_cat?post=9752"},{"taxonomy":"product_tag","embeddable":true,"href":"https:\/\/mzauto.ee\/en\/wp-json\/wp\/v2\/product_tag?post=9752"}],"curies":[{"name":"wp","href":"https:\/\/api.w.org\/{rel}","templated":true}]}}