{"id":9742,"date":"2023-04-10T18:39:31","date_gmt":"2023-04-10T18:39:31","guid":{"rendered":"https:\/\/mzauto.ee\/?post_type=product&#038;p=9742"},"modified":"2025-09-18T18:48:29","modified_gmt":"2025-09-18T18:48:29","slug":"tomberihm-must","status":"publish","type":"product","link":"https:\/\/mzauto.ee\/en\/toode\/tomberihm-must\/","title":{"rendered":"T\u00f5mberihm must"},"content":{"rendered":"<p>Metallist aasaga t\u00f5mberihm. Kaasas on kinnitusvahendid. V\u00e4rvus must.<\/p>\n","protected":false},"excerpt":{"rendered":"<p>Epman<\/p>\n","protected":false},"featured_media":9743,"template":"","meta":{"_monsterinsights_skip_tracking":false,"_monsterinsights_sitenote_active":false,"_monsterinsights_sitenote_note":"","_monsterinsights_sitenote_category":0},"product_brand":[],"product_cat":[45,62],"product_tag":[],"class_list":{"0":"post-9742","1":"product","2":"type-product","3":"status-publish","4":"has-post-thumbnail","6":"product_cat-kereosad","7":"product_cat-leiunurk","9":"first","10":"instock","11":"taxable","12":"shipping-taxable","13":"purchasable","14":"product-type-simple"},"_links":{"self":[{"href":"https:\/\/mzauto.ee\/en\/wp-json\/wp\/v2\/product\/9742","targetHints":{"allow":["GET"]}}],"collection":[{"href":"https:\/\/mzauto.ee\/en\/wp-json\/wp\/v2\/product"}],"about":[{"href":"https:\/\/mzauto.ee\/en\/wp-json\/wp\/v2\/types\/product"}],"wp:featuredmedia":[{"embeddable":true,"href":"https:\/\/mzauto.ee\/en\/wp-json\/wp\/v2\/media\/9743"}],"wp:attachment":[{"href":"https:\/\/mzauto.ee\/en\/wp-json\/wp\/v2\/media?parent=9742"}],"wp:term":[{"taxonomy":"product_brand","embeddable":true,"href":"https:\/\/mzauto.ee\/en\/wp-json\/wp\/v2\/product_brand?post=9742"},{"taxonomy":"product_cat","embeddable":true,"href":"https:\/\/mzauto.ee\/en\/wp-json\/wp\/v2\/product_cat?post=9742"},{"taxonomy":"product_tag","embeddable":true,"href":"https:\/\/mzauto.ee\/en\/wp-json\/wp\/v2\/product_tag?post=9742"}],"curies":[{"name":"wp","href":"https:\/\/api.w.org\/{rel}","templated":true}]}}