{"id":9502,"date":"2023-03-17T18:59:09","date_gmt":"2023-03-17T18:59:09","guid":{"rendered":"https:\/\/mzauto.ee\/?post_type=product&#038;p=9502"},"modified":"2023-04-09T15:49:44","modified_gmt":"2023-04-09T15:49:44","slug":"bmw-e36-turboworks-coilover-komplekt-kopeeri","status":"publish","type":"product","link":"https:\/\/mzauto.ee\/en\/toode\/bmw-e36-turboworks-coilover-komplekt-kopeeri\/","title":{"rendered":"BMW E36 TurboWorks Coilover komplekt (tagumine True Coilover)"},"content":{"rendered":"<p>BMW E36 k\u00f5igile mudelitele (v.a. M3) sobiv TurboWorks Coilover vedrustuse komplekt.<\/p>\n<p>Reguleerimisvahemik esisillal ja tagasillal kuni -80 mm. V\u00e4ga paljude reguleerimisv\u00f5imalustega (j\u00e4ikus 24 astet, vedru eelpinge muudetav, amordi pikkus muudetav).<\/p>\n<p>Pulberv\u00e4rvitud vedrud, tsingitud keermer\u00f5ngad, sobib nii R4 kui ka R6 mootoritega. Esimesed Camber plate on komplektis kaasas. Tagumine amort ja vedru on koos (True Rear Coilover).<\/p>\n<p>Tootele kehtib Turboworks poolne 2 aastane garantii.<\/p>\n<p>Paigaldada v\u00f5imalik MZ Autoteeninduses<\/p>\n<p>&nbsp;<\/p>\n","protected":false},"excerpt":{"rendered":"<p>Turboworks<\/p>\n","protected":false},"featured_media":9503,"template":"","meta":{"_monsterinsights_skip_tracking":false,"_monsterinsights_sitenote_active":false,"_monsterinsights_sitenote_note":"","_monsterinsights_sitenote_category":0},"product_brand":[],"product_cat":[70],"product_tag":[],"class_list":{"0":"post-9502","1":"product","2":"type-product","3":"status-publish","4":"has-post-thumbnail","6":"product_cat-vedrustus","8":"first","9":"outofstock","10":"taxable","11":"shipping-taxable","12":"purchasable","13":"product-type-simple"},"_links":{"self":[{"href":"https:\/\/mzauto.ee\/en\/wp-json\/wp\/v2\/product\/9502","targetHints":{"allow":["GET"]}}],"collection":[{"href":"https:\/\/mzauto.ee\/en\/wp-json\/wp\/v2\/product"}],"about":[{"href":"https:\/\/mzauto.ee\/en\/wp-json\/wp\/v2\/types\/product"}],"wp:featuredmedia":[{"embeddable":true,"href":"https:\/\/mzauto.ee\/en\/wp-json\/wp\/v2\/media\/9503"}],"wp:attachment":[{"href":"https:\/\/mzauto.ee\/en\/wp-json\/wp\/v2\/media?parent=9502"}],"wp:term":[{"taxonomy":"product_brand","embeddable":true,"href":"https:\/\/mzauto.ee\/en\/wp-json\/wp\/v2\/product_brand?post=9502"},{"taxonomy":"product_cat","embeddable":true,"href":"https:\/\/mzauto.ee\/en\/wp-json\/wp\/v2\/product_cat?post=9502"},{"taxonomy":"product_tag","embeddable":true,"href":"https:\/\/mzauto.ee\/en\/wp-json\/wp\/v2\/product_tag?post=9502"}],"curies":[{"name":"wp","href":"https:\/\/api.w.org\/{rel}","templated":true}]}}