{"id":9499,"date":"2023-03-17T18:54:18","date_gmt":"2023-03-17T18:54:18","guid":{"rendered":"https:\/\/mzauto.ee\/?post_type=product&#038;p=9499"},"modified":"2024-03-11T19:58:19","modified_gmt":"2024-03-11T19:58:19","slug":"bmw-e46-turboworks-coilover-komplekt","status":"publish","type":"product","link":"https:\/\/mzauto.ee\/en\/toode\/bmw-e46-turboworks-coilover-komplekt\/","title":{"rendered":"BMW E46 TurboWorks Coilover komplekt"},"content":{"rendered":"<p>BMW E46 k\u00f5igile mudelitele (v.a. M3) sobiv TurboWorks Coilover vedrustuse komplekt.<\/p>\n<p>Reguleerimisvahemik esisillal ja tagasillal kuni -80 mm. V\u00e4ga paljude reguleerimisv\u00f5imalustega (j\u00e4ikus 24 astet, vedru eelpinge muudetav, amordi pikkus muudetav).<\/p>\n<p>Pulberv\u00e4rvitud vedrud, tsingitud keermer\u00f5ngad, sobib nii R4 kui ka R6 mootoritega. Esimesed Camber plate on komplektis kaasas.<\/p>\n<p>Tootele kehtib Turboworks poolne 2 aastane garantii.<\/p>\n<p>Paigaldada v\u00f5imalik MZ Autoteeninduses<\/p>\n<p>&nbsp;<\/p>\n","protected":false},"excerpt":{"rendered":"<p>Turboworks<\/p>\n","protected":false},"featured_media":9500,"template":"","meta":{"_monsterinsights_skip_tracking":false,"_monsterinsights_sitenote_active":false,"_monsterinsights_sitenote_note":"","_monsterinsights_sitenote_category":0},"product_brand":[],"product_cat":[70],"product_tag":[],"class_list":{"0":"post-9499","1":"product","2":"type-product","3":"status-publish","4":"has-post-thumbnail","6":"product_cat-vedrustus","8":"first","9":"outofstock","10":"taxable","11":"shipping-taxable","12":"purchasable","13":"product-type-simple"},"_links":{"self":[{"href":"https:\/\/mzauto.ee\/en\/wp-json\/wp\/v2\/product\/9499","targetHints":{"allow":["GET"]}}],"collection":[{"href":"https:\/\/mzauto.ee\/en\/wp-json\/wp\/v2\/product"}],"about":[{"href":"https:\/\/mzauto.ee\/en\/wp-json\/wp\/v2\/types\/product"}],"wp:featuredmedia":[{"embeddable":true,"href":"https:\/\/mzauto.ee\/en\/wp-json\/wp\/v2\/media\/9500"}],"wp:attachment":[{"href":"https:\/\/mzauto.ee\/en\/wp-json\/wp\/v2\/media?parent=9499"}],"wp:term":[{"taxonomy":"product_brand","embeddable":true,"href":"https:\/\/mzauto.ee\/en\/wp-json\/wp\/v2\/product_brand?post=9499"},{"taxonomy":"product_cat","embeddable":true,"href":"https:\/\/mzauto.ee\/en\/wp-json\/wp\/v2\/product_cat?post=9499"},{"taxonomy":"product_tag","embeddable":true,"href":"https:\/\/mzauto.ee\/en\/wp-json\/wp\/v2\/product_tag?post=9499"}],"curies":[{"name":"wp","href":"https:\/\/api.w.org\/{rel}","templated":true}]}}