{"id":9496,"date":"2023-03-17T18:43:13","date_gmt":"2023-03-17T18:43:13","guid":{"rendered":"https:\/\/mzauto.ee\/?post_type=product&#038;p=9496"},"modified":"2024-12-10T19:43:42","modified_gmt":"2024-12-10T19:43:42","slug":"bmw-e36-mts-coilover-komplekt","status":"publish","type":"product","link":"https:\/\/mzauto.ee\/en\/toode\/bmw-e36-mts-coilover-komplekt\/","title":{"rendered":"BMW E36 MTS Coilover komplekt"},"content":{"rendered":"<p>BMW E36 k\u00f5igile mudelitele (v.a. Compact ja M3) sobiv MTS Coilover vedrustuse komplekt.<\/p>\n<p>Reguleerimisvahemik esisillal 40-80 mm \/ tagumisel sillal 40-80 mm. Maksimaalne teljekoormus ees 900kg, taga 1220kg.<\/p>\n<p>Pulberv\u00e4rvitud vedrud, tsingitud keermer\u00f5ngad, sobib nii R4 kui ka R6 mootoritega. Kaasas T\u00dcV sertifikaat ja paigaldusjuhend.<\/p>\n<p>Tootele kehtib MTS poolne 2 aastane garantii.<\/p>\n<p>Paigaldada v\u00f5imalik MZ Autoteeninduses<\/p>\n<p>&nbsp;<\/p>\n","protected":false},"excerpt":{"rendered":"<p>MTS<\/p>\n","protected":false},"featured_media":9497,"template":"","meta":{"_monsterinsights_skip_tracking":false,"_monsterinsights_sitenote_active":false,"_monsterinsights_sitenote_note":"","_monsterinsights_sitenote_category":0},"product_brand":[],"product_cat":[70],"product_tag":[],"class_list":{"0":"post-9496","1":"product","2":"type-product","3":"status-publish","4":"has-post-thumbnail","6":"product_cat-vedrustus","7":"product_shipping_class-cargobus","9":"first","10":"outofstock","11":"taxable","12":"shipping-taxable","13":"purchasable","14":"product-type-simple"},"_links":{"self":[{"href":"https:\/\/mzauto.ee\/en\/wp-json\/wp\/v2\/product\/9496","targetHints":{"allow":["GET"]}}],"collection":[{"href":"https:\/\/mzauto.ee\/en\/wp-json\/wp\/v2\/product"}],"about":[{"href":"https:\/\/mzauto.ee\/en\/wp-json\/wp\/v2\/types\/product"}],"wp:featuredmedia":[{"embeddable":true,"href":"https:\/\/mzauto.ee\/en\/wp-json\/wp\/v2\/media\/9497"}],"wp:attachment":[{"href":"https:\/\/mzauto.ee\/en\/wp-json\/wp\/v2\/media?parent=9496"}],"wp:term":[{"taxonomy":"product_brand","embeddable":true,"href":"https:\/\/mzauto.ee\/en\/wp-json\/wp\/v2\/product_brand?post=9496"},{"taxonomy":"product_cat","embeddable":true,"href":"https:\/\/mzauto.ee\/en\/wp-json\/wp\/v2\/product_cat?post=9496"},{"taxonomy":"product_tag","embeddable":true,"href":"https:\/\/mzauto.ee\/en\/wp-json\/wp\/v2\/product_tag?post=9496"}],"curies":[{"name":"wp","href":"https:\/\/api.w.org\/{rel}","templated":true}]}}