{"id":9467,"date":"2023-03-09T18:11:25","date_gmt":"2023-03-09T18:11:25","guid":{"rendered":"https:\/\/mzauto.ee\/?post_type=product&#038;p=9467"},"modified":"2023-03-09T18:13:38","modified_gmt":"2023-03-09T18:13:38","slug":"tombeaas-must","status":"publish","type":"product","link":"https:\/\/mzauto.ee\/en\/toode\/tombeaas-must\/","title":{"rendered":"T\u00f5mbeaas must"},"content":{"rendered":"<p>Tugevast alumiiniumsulamist t\u00f5mbeaas. Kaasas on kinnitusvahendid. V\u00e4rvus must.<\/p>\n","protected":false},"excerpt":{"rendered":"<p>Tugevast alumiiniumsulamist t\u00f5mbeaas. Kaasas on kinnitusvahendid. V\u00e4rvus must.<\/p>\n","protected":false},"featured_media":9468,"template":"","meta":{"_monsterinsights_skip_tracking":false,"_monsterinsights_sitenote_active":false,"_monsterinsights_sitenote_note":"","_monsterinsights_sitenote_category":0},"product_brand":[],"product_cat":[45,62],"product_tag":[],"class_list":{"0":"post-9467","1":"product","2":"type-product","3":"status-publish","4":"has-post-thumbnail","6":"product_cat-kereosad","7":"product_cat-leiunurk","9":"first","10":"instock","11":"taxable","12":"shipping-taxable","13":"purchasable","14":"product-type-simple"},"_links":{"self":[{"href":"https:\/\/mzauto.ee\/en\/wp-json\/wp\/v2\/product\/9467","targetHints":{"allow":["GET"]}}],"collection":[{"href":"https:\/\/mzauto.ee\/en\/wp-json\/wp\/v2\/product"}],"about":[{"href":"https:\/\/mzauto.ee\/en\/wp-json\/wp\/v2\/types\/product"}],"wp:featuredmedia":[{"embeddable":true,"href":"https:\/\/mzauto.ee\/en\/wp-json\/wp\/v2\/media\/9468"}],"wp:attachment":[{"href":"https:\/\/mzauto.ee\/en\/wp-json\/wp\/v2\/media?parent=9467"}],"wp:term":[{"taxonomy":"product_brand","embeddable":true,"href":"https:\/\/mzauto.ee\/en\/wp-json\/wp\/v2\/product_brand?post=9467"},{"taxonomy":"product_cat","embeddable":true,"href":"https:\/\/mzauto.ee\/en\/wp-json\/wp\/v2\/product_cat?post=9467"},{"taxonomy":"product_tag","embeddable":true,"href":"https:\/\/mzauto.ee\/en\/wp-json\/wp\/v2\/product_tag?post=9467"}],"curies":[{"name":"wp","href":"https:\/\/api.w.org\/{rel}","templated":true}]}}