{"id":9357,"date":"2023-02-16T18:37:28","date_gmt":"2023-02-16T18:37:28","guid":{"rendered":"https:\/\/mzauto.ee\/?post_type=product&#038;p=9357"},"modified":"2026-01-05T19:30:04","modified_gmt":"2026-01-05T19:30:04","slug":"hudrauliline-peasilinder-0625","status":"publish","type":"product","link":"https:\/\/mzauto.ee\/en\/toode\/hudrauliline-peasilinder-0625\/","title":{"rendered":"H\u00fcdraulise k\u00e4sipiduri peasilinder 0,625&#8243; 90mm"},"content":{"rendered":"<p>Peasilinder h\u00fcdraulilise k\u00e4sipiduri v\u00f5i pedal-box\u2019i jaoks.<\/p>\n<p>Suurus: 0,625&#8243;<\/p>\n<p>Keerme m\u00f5\u00f5dud:<br \/>\n\u2013 V\u00e4lja \u2013 3\/8&#8243;<br \/>\n\u2013 Sisse \u2013 7\/16&#8243;<\/p>\n<p>&nbsp;<\/p>\n<p>&nbsp;<\/p>\n","protected":false},"excerpt":{"rendered":"<p>Peasilinder h\u00fcdraulilise k\u00e4sipiduri v\u00f5i pedal-box\u2019i jaoks. Suurus: 0,625&#8243; Keerme m\u00f5\u00f5dud: \u2013 V\u00e4lja \u2013 3\/8&#8243; \u2013 Sisse \u2013 7\/16&#8243; &nbsp; &nbsp;<\/p>\n","protected":false},"featured_media":9358,"template":"","meta":{"_monsterinsights_skip_tracking":false,"_monsterinsights_sitenote_active":false,"_monsterinsights_sitenote_note":"","_monsterinsights_sitenote_category":0},"product_brand":[],"product_cat":[73,63],"product_tag":[],"class_list":{"0":"post-9357","1":"product","2":"type-product","3":"status-publish","4":"has-post-thumbnail","6":"product_cat-kaigukangid-ja-kasipidurid","7":"product_cat-salong","9":"first","10":"outofstock","11":"taxable","12":"shipping-taxable","13":"purchasable","14":"product-type-simple"},"_links":{"self":[{"href":"https:\/\/mzauto.ee\/en\/wp-json\/wp\/v2\/product\/9357","targetHints":{"allow":["GET"]}}],"collection":[{"href":"https:\/\/mzauto.ee\/en\/wp-json\/wp\/v2\/product"}],"about":[{"href":"https:\/\/mzauto.ee\/en\/wp-json\/wp\/v2\/types\/product"}],"wp:featuredmedia":[{"embeddable":true,"href":"https:\/\/mzauto.ee\/en\/wp-json\/wp\/v2\/media\/9358"}],"wp:attachment":[{"href":"https:\/\/mzauto.ee\/en\/wp-json\/wp\/v2\/media?parent=9357"}],"wp:term":[{"taxonomy":"product_brand","embeddable":true,"href":"https:\/\/mzauto.ee\/en\/wp-json\/wp\/v2\/product_brand?post=9357"},{"taxonomy":"product_cat","embeddable":true,"href":"https:\/\/mzauto.ee\/en\/wp-json\/wp\/v2\/product_cat?post=9357"},{"taxonomy":"product_tag","embeddable":true,"href":"https:\/\/mzauto.ee\/en\/wp-json\/wp\/v2\/product_tag?post=9357"}],"curies":[{"name":"wp","href":"https:\/\/api.w.org\/{rel}","templated":true}]}}