{"id":9354,"date":"2023-02-16T18:31:34","date_gmt":"2023-02-16T18:31:34","guid":{"rendered":"https:\/\/mzauto.ee\/?post_type=product&#038;p=9354"},"modified":"2025-03-15T21:14:21","modified_gmt":"2025-03-15T21:14:21","slug":"odesa-shifter-v1","status":"publish","type":"product","link":"https:\/\/mzauto.ee\/en\/toode\/odesa-shifter-v1\/","title":{"rendered":"BMW E36 E46 short shifter v1 (Odesa)"},"content":{"rendered":"<p>Odesa l\u00fchike teraset k\u00e4igukant \/ short shifter. Galvaanikaga kaetud, kaasas uus plastikpuks, pronksist puksiosa on m\u00e4\u00e4ritud. Reguleeritava k\u00e4iguga kang, maksimaalsel sisse keeratud k\u00e4igul (pikima k\u00e4iguga) sarnane populaarse Z3 shifteriga. K\u00f5ik vajalik on paigalduseks kaasas, midagi pole vaja \u00fcmber ehitada autol. V\u00f5ta originaal shifter v\u00e4lja ja asenda see teisega. K\u00e4igukangi nupp on keermega ja plastikust &#8211; suvel ei kuumene, talvel ei ole k\u00fclm. Pikkus on sama, mis originaalhooval, keermega M12 x 1,75. Nupp on keermega ja vahetatav. Sobivus BMW E36 ja E46 mudelitele.<\/p>\n","protected":false},"excerpt":{"rendered":"<p>Odesa l\u00fchike teraset k\u00e4igukant \/ short shifter. Galvaanikaga kaetud, kaasas uus plastikpuks, pronksist puksiosa on m\u00e4\u00e4ritud. Reguleeritava k\u00e4iguga kang, maksimaalsel sisse keeratud k\u00e4igul (pikima k\u00e4iguga) sarnane<span class=\"excerpt-hellip\"> [\u2026]<\/span><\/p>\n","protected":false},"featured_media":12097,"template":"","meta":{"_monsterinsights_skip_tracking":false,"_monsterinsights_sitenote_active":false,"_monsterinsights_sitenote_note":"","_monsterinsights_sitenote_category":0},"product_brand":[],"product_cat":[73,63],"product_tag":[],"class_list":{"0":"post-9354","1":"product","2":"type-product","3":"status-publish","4":"has-post-thumbnail","6":"product_cat-kaigukangid-ja-kasipidurid","7":"product_cat-salong","9":"first","10":"instock","11":"taxable","12":"shipping-taxable","13":"purchasable","14":"product-type-simple"},"_links":{"self":[{"href":"https:\/\/mzauto.ee\/en\/wp-json\/wp\/v2\/product\/9354","targetHints":{"allow":["GET"]}}],"collection":[{"href":"https:\/\/mzauto.ee\/en\/wp-json\/wp\/v2\/product"}],"about":[{"href":"https:\/\/mzauto.ee\/en\/wp-json\/wp\/v2\/types\/product"}],"wp:featuredmedia":[{"embeddable":true,"href":"https:\/\/mzauto.ee\/en\/wp-json\/wp\/v2\/media\/12097"}],"wp:attachment":[{"href":"https:\/\/mzauto.ee\/en\/wp-json\/wp\/v2\/media?parent=9354"}],"wp:term":[{"taxonomy":"product_brand","embeddable":true,"href":"https:\/\/mzauto.ee\/en\/wp-json\/wp\/v2\/product_brand?post=9354"},{"taxonomy":"product_cat","embeddable":true,"href":"https:\/\/mzauto.ee\/en\/wp-json\/wp\/v2\/product_cat?post=9354"},{"taxonomy":"product_tag","embeddable":true,"href":"https:\/\/mzauto.ee\/en\/wp-json\/wp\/v2\/product_tag?post=9354"}],"curies":[{"name":"wp","href":"https:\/\/api.w.org\/{rel}","templated":true}]}}