{"id":9335,"date":"2023-02-08T07:21:53","date_gmt":"2023-02-08T07:21:53","guid":{"rendered":"https:\/\/mzauto.ee\/?post_type=product&#038;p=9335"},"modified":"2025-08-20T15:27:59","modified_gmt":"2025-08-20T15:27:59","slug":"manuaalne-boost-controller-must","status":"publish","type":"product","link":"https:\/\/mzauto.ee\/en\/toode\/manuaalne-boost-controller-must\/","title":{"rendered":"Manuaalne boost controller (Must)"},"content":{"rendered":"<p>Seade, mida kasutatakse r\u00f5hu suurendamiseks turbo\u00fclelaadimisega mootorites.<\/p>\n<p>V\u00f5imaldab k\u00e4sitsi seadistada turbor\u00f5hku. \u00dchendatakse tavaliselt sisselaskekollektori ja wastegate vahele.<\/p>\n<p>Boost controlleri kasutamisel on soovitatav, et autol oleks olemas turbor\u00f5hu n\u00e4idik, mille leiad samuti meie e-poest.<\/p>\n","protected":false},"excerpt":{"rendered":"<p>Seade, mida kasutatakse r\u00f5hu suurendamiseks turbo\u00fclelaadimisega mootorites. V\u00f5imaldab k\u00e4sitsi seadistada turbor\u00f5hku. \u00dchendatakse tavaliselt sisselaskekollektori ja wastegate vahele. Boost controlleri kasutamisel on soovitatav, et autol oleks olemas<span class=\"excerpt-hellip\"> [\u2026]<\/span><\/p>\n","protected":false},"featured_media":9336,"template":"","meta":{"_monsterinsights_skip_tracking":false,"_monsterinsights_sitenote_active":false,"_monsterinsights_sitenote_note":"","_monsterinsights_sitenote_category":0},"product_brand":[],"product_cat":[67],"product_tag":[],"class_list":{"0":"post-9335","1":"product","2":"type-product","3":"status-publish","4":"has-post-thumbnail","6":"product_cat-turbo","8":"first","9":"instock","10":"taxable","11":"shipping-taxable","12":"purchasable","13":"product-type-simple"},"_links":{"self":[{"href":"https:\/\/mzauto.ee\/en\/wp-json\/wp\/v2\/product\/9335","targetHints":{"allow":["GET"]}}],"collection":[{"href":"https:\/\/mzauto.ee\/en\/wp-json\/wp\/v2\/product"}],"about":[{"href":"https:\/\/mzauto.ee\/en\/wp-json\/wp\/v2\/types\/product"}],"wp:featuredmedia":[{"embeddable":true,"href":"https:\/\/mzauto.ee\/en\/wp-json\/wp\/v2\/media\/9336"}],"wp:attachment":[{"href":"https:\/\/mzauto.ee\/en\/wp-json\/wp\/v2\/media?parent=9335"}],"wp:term":[{"taxonomy":"product_brand","embeddable":true,"href":"https:\/\/mzauto.ee\/en\/wp-json\/wp\/v2\/product_brand?post=9335"},{"taxonomy":"product_cat","embeddable":true,"href":"https:\/\/mzauto.ee\/en\/wp-json\/wp\/v2\/product_cat?post=9335"},{"taxonomy":"product_tag","embeddable":true,"href":"https:\/\/mzauto.ee\/en\/wp-json\/wp\/v2\/product_tag?post=9335"}],"curies":[{"name":"wp","href":"https:\/\/api.w.org\/{rel}","templated":true}]}}