{"id":9247,"date":"2023-02-02T10:28:32","date_gmt":"2023-02-02T10:28:32","guid":{"rendered":"https:\/\/mzauto.ee\/?post_type=product&#038;p=9247"},"modified":"2023-02-02T10:34:18","modified_gmt":"2023-02-02T10:34:18","slug":"turbo-timer-valge","status":"publish","type":"product","link":"https:\/\/mzauto.ee\/en\/toode\/turbo-timer-valge\/","title":{"rendered":"Turbo Timer ADDCO (valge valgus)"},"content":{"rendered":"<p>Seade, mis aitab paigaldatuna turbo turbiinil \u00fchtlaselt jahtuda ning j\u00e4tab mootori seadistatud ajaks peale s\u00f5idu l\u00f5ppemist k\u00e4ima (auto j\u00e4\u00e4b k\u00e4ima peale v\u00f5tme eemaldamist eelm\u00e4\u00e4ratud ajaks).<\/p>\n<p>Komplektis on kaasas Turbo timer, relee, juhtmestik ja paigaldusjuhis.<\/p>\n<ul>\n<li>Valge taustavalgusega<\/li>\n<li>Ajaseadistus vahemikus 0 kuni 10 minutit<\/li>\n<li>V\u00f5imalik kuvada AFR (k\u00fctusesegu) ja Voltmeter (akupinge)<\/li>\n<li>Ekraani m\u00f5\u00f5dud 90 x 22 x 15mm<\/li>\n<li>Relee m\u00f5\u00f5dud 80 x 69 x 20,5mm<\/li>\n<\/ul>\n","protected":false},"excerpt":{"rendered":"<p>Seade, mis aitab paigaldatuna turbo turbiinil \u00fchtlaselt jahtuda ning j\u00e4tab mootori seadistatud ajaks peale s\u00f5idu l\u00f5ppemist k\u00e4ima (auto j\u00e4\u00e4b k\u00e4ima peale v\u00f5tme eemaldamist eelm\u00e4\u00e4ratud ajaks). Komplektis<span class=\"excerpt-hellip\"> [\u2026]<\/span><\/p>\n","protected":false},"featured_media":9248,"template":"","meta":{"_monsterinsights_skip_tracking":false,"_monsterinsights_sitenote_active":false,"_monsterinsights_sitenote_note":"","_monsterinsights_sitenote_category":0},"product_brand":[],"product_cat":[67],"product_tag":[],"class_list":{"0":"post-9247","1":"product","2":"type-product","3":"status-publish","4":"has-post-thumbnail","6":"product_cat-turbo","8":"first","9":"instock","10":"taxable","11":"shipping-taxable","12":"purchasable","13":"product-type-simple"},"_links":{"self":[{"href":"https:\/\/mzauto.ee\/en\/wp-json\/wp\/v2\/product\/9247","targetHints":{"allow":["GET"]}}],"collection":[{"href":"https:\/\/mzauto.ee\/en\/wp-json\/wp\/v2\/product"}],"about":[{"href":"https:\/\/mzauto.ee\/en\/wp-json\/wp\/v2\/types\/product"}],"wp:featuredmedia":[{"embeddable":true,"href":"https:\/\/mzauto.ee\/en\/wp-json\/wp\/v2\/media\/9248"}],"wp:attachment":[{"href":"https:\/\/mzauto.ee\/en\/wp-json\/wp\/v2\/media?parent=9247"}],"wp:term":[{"taxonomy":"product_brand","embeddable":true,"href":"https:\/\/mzauto.ee\/en\/wp-json\/wp\/v2\/product_brand?post=9247"},{"taxonomy":"product_cat","embeddable":true,"href":"https:\/\/mzauto.ee\/en\/wp-json\/wp\/v2\/product_cat?post=9247"},{"taxonomy":"product_tag","embeddable":true,"href":"https:\/\/mzauto.ee\/en\/wp-json\/wp\/v2\/product_tag?post=9247"}],"curies":[{"name":"wp","href":"https:\/\/api.w.org\/{rel}","templated":true}]}}