{"id":9130,"date":"2023-01-10T17:46:57","date_gmt":"2023-01-10T17:46:57","guid":{"rendered":"https:\/\/mzauto.ee\/?post_type=product&#038;p=9130"},"modified":"2024-02-25T13:11:40","modified_gmt":"2024-02-25T13:11:40","slug":"bmw-e24-e28-mts-coilover-komplekt","status":"publish","type":"product","link":"https:\/\/mzauto.ee\/en\/toode\/bmw-e24-e28-mts-coilover-komplekt\/","title":{"rendered":"BMW E24 \/ E28 MTS Coilover komplekt"},"content":{"rendered":"<p>BMW E24 ja E28 k\u00f5igile mudelitele (v.a. M5 mudel) sobivad MTS Coilover vedrustuse komplekt.<\/p>\n<p>Reguleerimisvahemik esisillal 10-120 mm \/ tagumisel sillal 15-80 mm. Maksimaalne teljekoormus ees 1060kg, taga 1300kg.<\/p>\n<p>Komplektis esimesed Camber Plated. Vajalik esimeste amortide keevitamine.<\/p>\n<p>Pulberv\u00e4rvitud vedrud, tsingitud keermer\u00f5ngad, sobib nii R4 kui ka R6 mootoritega.<\/p>\n<p>Tarne 4-7 t\u00f6\u00f6p\u00e4eva.<\/p>\n<p>&nbsp;<\/p>\n","protected":false},"excerpt":{"rendered":"<p>MTS<\/p>\n","protected":false},"featured_media":9131,"template":"","meta":{"_monsterinsights_skip_tracking":false,"_monsterinsights_sitenote_active":false,"_monsterinsights_sitenote_note":"","_monsterinsights_sitenote_category":0},"product_brand":[],"product_cat":[70],"product_tag":[],"class_list":{"0":"post-9130","1":"product","2":"type-product","3":"status-publish","4":"has-post-thumbnail","6":"product_cat-vedrustus","7":"product_shipping_class-cargobus","9":"first","10":"outofstock","11":"taxable","12":"shipping-taxable","13":"purchasable","14":"product-type-simple"},"_links":{"self":[{"href":"https:\/\/mzauto.ee\/en\/wp-json\/wp\/v2\/product\/9130","targetHints":{"allow":["GET"]}}],"collection":[{"href":"https:\/\/mzauto.ee\/en\/wp-json\/wp\/v2\/product"}],"about":[{"href":"https:\/\/mzauto.ee\/en\/wp-json\/wp\/v2\/types\/product"}],"wp:featuredmedia":[{"embeddable":true,"href":"https:\/\/mzauto.ee\/en\/wp-json\/wp\/v2\/media\/9131"}],"wp:attachment":[{"href":"https:\/\/mzauto.ee\/en\/wp-json\/wp\/v2\/media?parent=9130"}],"wp:term":[{"taxonomy":"product_brand","embeddable":true,"href":"https:\/\/mzauto.ee\/en\/wp-json\/wp\/v2\/product_brand?post=9130"},{"taxonomy":"product_cat","embeddable":true,"href":"https:\/\/mzauto.ee\/en\/wp-json\/wp\/v2\/product_cat?post=9130"},{"taxonomy":"product_tag","embeddable":true,"href":"https:\/\/mzauto.ee\/en\/wp-json\/wp\/v2\/product_tag?post=9130"}],"curies":[{"name":"wp","href":"https:\/\/api.w.org\/{rel}","templated":true}]}}