{"id":9102,"date":"2022-12-24T09:43:34","date_gmt":"2022-12-24T09:43:34","guid":{"rendered":"https:\/\/mzauto.ee\/?post_type=product&#038;p=9102"},"modified":"2024-12-19T19:51:01","modified_gmt":"2024-12-19T19:51:01","slug":"bmw-e36-e38-e90-camber-plates-must","status":"publish","type":"product","link":"https:\/\/mzauto.ee\/en\/toode\/bmw-e36-e38-e90-camber-plates-must\/","title":{"rendered":"BMW E36 E38 E90 Camber Plates (Must)"},"content":{"rendered":"<p>BMW E36, E38 ja E90 sobivad kaldplaadid esimestele amortisaatoritele. Sobivad keermestatud amortisaatori alla (coilover). V\u00e4rvus must.<\/p>\n<p>V\u00f5imaldab ratast \/ amortisaatorit m\u00f5ne kraadi v\u00f5rra kallutada, mis on vajalik, kui soovite s\u00f5ita driftides ja omada paremat haardumist.<\/p>\n<p>Laagrid teflon siseosaga, kaldplaadid tehtud 8mm terasest (S355), l\u00f5igatud v\u00e4lja CNC pingis ja TIG keevitatud. Kahe krae variandid &#8211; M12 v\u00f5i M14 (v\u00f5imalik valida olenevalt amortistaatorist).<\/p>\n<p>Testitud Poola, \u00dchendkuningriigi, Ameerika \u00dchendriikide ja Saksamaa radadel.<\/p>\n<p>&nbsp;<\/p>\n","protected":false},"excerpt":{"rendered":"<p>Silver Project<\/p>\n","protected":false},"featured_media":10841,"template":"","meta":{"_monsterinsights_skip_tracking":false,"_monsterinsights_sitenote_active":false,"_monsterinsights_sitenote_note":"","_monsterinsights_sitenote_category":0},"product_brand":[],"product_cat":[30],"product_tag":[],"class_list":{"0":"post-9102","1":"product","2":"type-product","3":"status-publish","4":"has-post-thumbnail","6":"product_cat-sillaosad","8":"first","9":"instock","10":"taxable","11":"shipping-taxable","12":"purchasable","13":"product-type-simple"},"_links":{"self":[{"href":"https:\/\/mzauto.ee\/en\/wp-json\/wp\/v2\/product\/9102","targetHints":{"allow":["GET"]}}],"collection":[{"href":"https:\/\/mzauto.ee\/en\/wp-json\/wp\/v2\/product"}],"about":[{"href":"https:\/\/mzauto.ee\/en\/wp-json\/wp\/v2\/types\/product"}],"wp:featuredmedia":[{"embeddable":true,"href":"https:\/\/mzauto.ee\/en\/wp-json\/wp\/v2\/media\/10841"}],"wp:attachment":[{"href":"https:\/\/mzauto.ee\/en\/wp-json\/wp\/v2\/media?parent=9102"}],"wp:term":[{"taxonomy":"product_brand","embeddable":true,"href":"https:\/\/mzauto.ee\/en\/wp-json\/wp\/v2\/product_brand?post=9102"},{"taxonomy":"product_cat","embeddable":true,"href":"https:\/\/mzauto.ee\/en\/wp-json\/wp\/v2\/product_cat?post=9102"},{"taxonomy":"product_tag","embeddable":true,"href":"https:\/\/mzauto.ee\/en\/wp-json\/wp\/v2\/product_tag?post=9102"}],"curies":[{"name":"wp","href":"https:\/\/api.w.org\/{rel}","templated":true}]}}