{"id":9087,"date":"2022-12-23T20:41:26","date_gmt":"2022-12-23T20:41:26","guid":{"rendered":"https:\/\/mzauto.ee\/?post_type=product&#038;p=9087"},"modified":"2024-04-07T12:46:14","modified_gmt":"2024-04-07T12:46:14","slug":"tomberihm-sinine","status":"publish","type":"product","link":"https:\/\/mzauto.ee\/en\/toode\/tomberihm-sinine\/","title":{"rendered":"T\u00f5mberihm sinine"},"content":{"rendered":"<p>Metallist aasaga t\u00f5mberihm. Kaasas on kinnitusvahendid. V\u00e4rvus sinine.<\/p>\n","protected":false},"excerpt":{"rendered":"<p>Epman<\/p>\n","protected":false},"featured_media":9088,"template":"","meta":{"_monsterinsights_skip_tracking":false,"_monsterinsights_sitenote_active":false,"_monsterinsights_sitenote_note":"","_monsterinsights_sitenote_category":0},"product_brand":[],"product_cat":[32,45,62],"product_tag":[],"class_list":{"0":"post-9087","1":"product","2":"type-product","3":"status-publish","4":"has-post-thumbnail","6":"product_cat-merch","7":"product_cat-kereosad","8":"product_cat-leiunurk","10":"first","11":"instock","12":"taxable","13":"shipping-taxable","14":"purchasable","15":"product-type-simple"},"_links":{"self":[{"href":"https:\/\/mzauto.ee\/en\/wp-json\/wp\/v2\/product\/9087","targetHints":{"allow":["GET"]}}],"collection":[{"href":"https:\/\/mzauto.ee\/en\/wp-json\/wp\/v2\/product"}],"about":[{"href":"https:\/\/mzauto.ee\/en\/wp-json\/wp\/v2\/types\/product"}],"wp:featuredmedia":[{"embeddable":true,"href":"https:\/\/mzauto.ee\/en\/wp-json\/wp\/v2\/media\/9088"}],"wp:attachment":[{"href":"https:\/\/mzauto.ee\/en\/wp-json\/wp\/v2\/media?parent=9087"}],"wp:term":[{"taxonomy":"product_brand","embeddable":true,"href":"https:\/\/mzauto.ee\/en\/wp-json\/wp\/v2\/product_brand?post=9087"},{"taxonomy":"product_cat","embeddable":true,"href":"https:\/\/mzauto.ee\/en\/wp-json\/wp\/v2\/product_cat?post=9087"},{"taxonomy":"product_tag","embeddable":true,"href":"https:\/\/mzauto.ee\/en\/wp-json\/wp\/v2\/product_tag?post=9087"}],"curies":[{"name":"wp","href":"https:\/\/api.w.org\/{rel}","templated":true}]}}