{"id":9083,"date":"2022-12-23T20:37:18","date_gmt":"2022-12-23T20:37:18","guid":{"rendered":"https:\/\/mzauto.ee\/?post_type=product&#038;p=9083"},"modified":"2024-10-12T17:33:07","modified_gmt":"2024-10-12T17:33:07","slug":"kasipidur-hudraulinine-drift","status":"publish","type":"product","link":"https:\/\/mzauto.ee\/en\/toode\/kasipidur-hudraulinine-drift\/","title":{"rendered":"H\u00fcdrauliline k\u00e4sipidur DRIFT"},"content":{"rendered":"<p>Vastupidava ja tugeva konstruktsiooniga h\u00fcdrauliline k\u00e4sipidur DRIFT. Integreeritud OBP \u00f5lipaagiga, reguleeritav k\u00e4epideme kalle (vertikaalselt 45 kraadi). Valmistatud tugevast terasest,\u00a0 painutatud CNC-pingis ja keevitatud TIG meetodil.<\/p>\n<p>V\u00f5imalus paigaldada MZ Autoteeninduses.<\/p>\n<p>&nbsp;<\/p>\n","protected":false},"excerpt":{"rendered":"<p>Vastupidava ja tugeva konstruktsiooniga h\u00fcdrauliline k\u00e4sipidur DRIFT. Integreeritud OBP \u00f5lipaagiga, reguleeritav k\u00e4epideme kalle (vertikaalselt 45 kraadi). Valmistatud tugevast terasest,\u00a0 painutatud CNC-pingis ja keevitatud TIG meetodil. V\u00f5imalus<span class=\"excerpt-hellip\"> [\u2026]<\/span><\/p>\n","protected":false},"featured_media":9084,"template":"","meta":{"_monsterinsights_skip_tracking":false,"_monsterinsights_sitenote_active":false,"_monsterinsights_sitenote_note":"","_monsterinsights_sitenote_category":0},"product_brand":[],"product_cat":[73,63],"product_tag":[],"class_list":{"0":"post-9083","1":"product","2":"type-product","3":"status-publish","4":"has-post-thumbnail","6":"product_cat-kaigukangid-ja-kasipidurid","7":"product_cat-salong","9":"first","10":"instock","11":"taxable","12":"shipping-taxable","13":"purchasable","14":"product-type-simple"},"_links":{"self":[{"href":"https:\/\/mzauto.ee\/en\/wp-json\/wp\/v2\/product\/9083","targetHints":{"allow":["GET"]}}],"collection":[{"href":"https:\/\/mzauto.ee\/en\/wp-json\/wp\/v2\/product"}],"about":[{"href":"https:\/\/mzauto.ee\/en\/wp-json\/wp\/v2\/types\/product"}],"wp:featuredmedia":[{"embeddable":true,"href":"https:\/\/mzauto.ee\/en\/wp-json\/wp\/v2\/media\/9084"}],"wp:attachment":[{"href":"https:\/\/mzauto.ee\/en\/wp-json\/wp\/v2\/media?parent=9083"}],"wp:term":[{"taxonomy":"product_brand","embeddable":true,"href":"https:\/\/mzauto.ee\/en\/wp-json\/wp\/v2\/product_brand?post=9083"},{"taxonomy":"product_cat","embeddable":true,"href":"https:\/\/mzauto.ee\/en\/wp-json\/wp\/v2\/product_cat?post=9083"},{"taxonomy":"product_tag","embeddable":true,"href":"https:\/\/mzauto.ee\/en\/wp-json\/wp\/v2\/product_tag?post=9083"}],"curies":[{"name":"wp","href":"https:\/\/api.w.org\/{rel}","templated":true}]}}