{"id":9055,"date":"2022-12-17T18:35:03","date_gmt":"2022-12-17T18:35:03","guid":{"rendered":"https:\/\/mzauto.ee\/?post_type=product&#038;p=9055"},"modified":"2024-03-14T18:13:33","modified_gmt":"2024-03-14T18:13:33","slug":"e36-hudrokasipiduri-alusplaat","status":"publish","type":"product","link":"https:\/\/mzauto.ee\/en\/toode\/e36-hudrokasipiduri-alusplaat\/","title":{"rendered":"BMW E36 h\u00fcdrok\u00e4sipiduri alusplaat"},"content":{"rendered":"<p>BMW E36 h\u00fcdrok\u00e4sipiduri tugev alusplaat, mille abil on v\u00f5imalik ilma keresse auke tegemata paigaldada h\u00fcdrok\u00e4sipidur.<\/p>\n<p>Tehtud 4mm paksusest terasest. Sobilik BMW E36 Sedaan, Kupee, Compact, Touring ja Cabrio keremudelitele.<\/p>\n<p>&nbsp;<\/p>\n","protected":false},"excerpt":{"rendered":"<p>RS Ultimate<\/p>\n","protected":false},"featured_media":9056,"template":"","meta":{"_monsterinsights_skip_tracking":false,"_monsterinsights_sitenote_active":false,"_monsterinsights_sitenote_note":"","_monsterinsights_sitenote_category":0},"product_brand":[],"product_cat":[73,45,63],"product_tag":[],"class_list":{"0":"post-9055","1":"product","2":"type-product","3":"status-publish","4":"has-post-thumbnail","6":"product_cat-kaigukangid-ja-kasipidurid","7":"product_cat-kereosad","8":"product_cat-salong","10":"first","11":"instock","12":"taxable","13":"shipping-taxable","14":"purchasable","15":"product-type-simple"},"_links":{"self":[{"href":"https:\/\/mzauto.ee\/en\/wp-json\/wp\/v2\/product\/9055","targetHints":{"allow":["GET"]}}],"collection":[{"href":"https:\/\/mzauto.ee\/en\/wp-json\/wp\/v2\/product"}],"about":[{"href":"https:\/\/mzauto.ee\/en\/wp-json\/wp\/v2\/types\/product"}],"wp:featuredmedia":[{"embeddable":true,"href":"https:\/\/mzauto.ee\/en\/wp-json\/wp\/v2\/media\/9056"}],"wp:attachment":[{"href":"https:\/\/mzauto.ee\/en\/wp-json\/wp\/v2\/media?parent=9055"}],"wp:term":[{"taxonomy":"product_brand","embeddable":true,"href":"https:\/\/mzauto.ee\/en\/wp-json\/wp\/v2\/product_brand?post=9055"},{"taxonomy":"product_cat","embeddable":true,"href":"https:\/\/mzauto.ee\/en\/wp-json\/wp\/v2\/product_cat?post=9055"},{"taxonomy":"product_tag","embeddable":true,"href":"https:\/\/mzauto.ee\/en\/wp-json\/wp\/v2\/product_tag?post=9055"}],"curies":[{"name":"wp","href":"https:\/\/api.w.org\/{rel}","templated":true}]}}