{"id":8991,"date":"2022-12-12T18:39:20","date_gmt":"2022-12-12T18:39:20","guid":{"rendered":"https:\/\/mzauto.ee\/?post_type=product&#038;p=8991"},"modified":"2025-12-28T20:11:30","modified_gmt":"2025-12-28T20:11:30","slug":"bmw-m54-torukollektorid","status":"publish","type":"product","link":"https:\/\/mzauto.ee\/en\/toode\/bmw-m54-torukollektorid\/","title":{"rendered":"BMW E46 \/ E39 Torukollektorid (M54)"},"content":{"rendered":"<p>BMW E46 ja E39 kerel olevatele 2.3, 2.5, 2.8 ja 3.0 bensiinimootoritele (M52 ja M54) sobivad torukollektorid. Materjal 100% roostevaba teras. Toru sisemine m\u00f5\u00f5t 48mm, v\u00e4ljalaskeflantsi m\u00f5\u00f5t 32x46mm.<\/p>\n<p>Tehase lambdaanduritele on olemas kohad. Kollektoritihendid on komplektis. V\u00f5ib vaja k\u00fclge sobitamiseks teatud muudatusi.<\/p>\n<p>V\u00f5imalik paigaldada MZ Autoteeninduses.<\/p>\n","protected":false},"excerpt":{"rendered":"<p>TurboWorks<\/p>\n","protected":false},"featured_media":8992,"template":"","meta":{"_monsterinsights_skip_tracking":false,"_monsterinsights_sitenote_active":false,"_monsterinsights_sitenote_note":"","_monsterinsights_sitenote_category":0},"product_brand":[],"product_cat":[85,68],"product_tag":[],"class_list":{"0":"post-8991","1":"product","2":"type-product","3":"status-publish","4":"has-post-thumbnail","6":"product_cat-allahinnatud","7":"product_cat-valjalase","8":"product_shipping_class-cargobus","10":"first","11":"instock","12":"sale","13":"taxable","14":"shipping-taxable","15":"purchasable","16":"product-type-simple"},"_links":{"self":[{"href":"https:\/\/mzauto.ee\/en\/wp-json\/wp\/v2\/product\/8991","targetHints":{"allow":["GET"]}}],"collection":[{"href":"https:\/\/mzauto.ee\/en\/wp-json\/wp\/v2\/product"}],"about":[{"href":"https:\/\/mzauto.ee\/en\/wp-json\/wp\/v2\/types\/product"}],"wp:featuredmedia":[{"embeddable":true,"href":"https:\/\/mzauto.ee\/en\/wp-json\/wp\/v2\/media\/8992"}],"wp:attachment":[{"href":"https:\/\/mzauto.ee\/en\/wp-json\/wp\/v2\/media?parent=8991"}],"wp:term":[{"taxonomy":"product_brand","embeddable":true,"href":"https:\/\/mzauto.ee\/en\/wp-json\/wp\/v2\/product_brand?post=8991"},{"taxonomy":"product_cat","embeddable":true,"href":"https:\/\/mzauto.ee\/en\/wp-json\/wp\/v2\/product_cat?post=8991"},{"taxonomy":"product_tag","embeddable":true,"href":"https:\/\/mzauto.ee\/en\/wp-json\/wp\/v2\/product_tag?post=8991"}],"curies":[{"name":"wp","href":"https:\/\/api.w.org\/{rel}","templated":true}]}}