{"id":8987,"date":"2022-12-12T18:33:05","date_gmt":"2022-12-12T18:33:05","guid":{"rendered":"https:\/\/mzauto.ee\/?post_type=product&#038;p=8987"},"modified":"2024-11-08T20:00:28","modified_gmt":"2024-11-08T20:00:28","slug":"bmw-shortshifter-e30-e34-e46-gun-metal","status":"publish","type":"product","link":"https:\/\/mzauto.ee\/en\/toode\/bmw-shortshifter-e30-e34-e46-gun-metal\/","title":{"rendered":"BMW Shortshifter E30 E34 E46 Gun Metal"},"content":{"rendered":"<p>Otse kere k\u00fclge polditav v\u00e4ga tugev duralumiiniumist BMW shortshifter. V\u00e4rvus Gun Metal ja valge nupuga (keermega). Uniballil lahendus, reguleeritava k\u00e4igu pikkusega. Kogupikkus 440mm, salongis oleva osa pikkus 380mm. Soovitatav kasutada koos j\u00e4ikade k\u00e4igukastipatjadega Strongflex. Sobivus BMW E30\/E34\/E46.<\/p>\n<p>&nbsp;<\/p>\n","protected":false},"excerpt":{"rendered":"<p>Otse kere k\u00fclge polditav v\u00e4ga tugev duralumiiniumist BMW shortshifter. V\u00e4rvus Gun Metal ja valge nupuga (keermega). Uniballil lahendus, reguleeritava k\u00e4igu pikkusega. Kogupikkus 440mm, salongis oleva osa<span class=\"excerpt-hellip\"> [\u2026]<\/span><\/p>\n","protected":false},"featured_media":8988,"template":"","meta":{"_monsterinsights_skip_tracking":false,"_monsterinsights_sitenote_active":false,"_monsterinsights_sitenote_note":"","_monsterinsights_sitenote_category":0},"product_brand":[],"product_cat":[73,63],"product_tag":[],"class_list":{"0":"post-8987","1":"product","2":"type-product","3":"status-publish","4":"has-post-thumbnail","6":"product_cat-kaigukangid-ja-kasipidurid","7":"product_cat-salong","9":"first","10":"instock","11":"taxable","12":"shipping-taxable","13":"purchasable","14":"product-type-simple"},"_links":{"self":[{"href":"https:\/\/mzauto.ee\/en\/wp-json\/wp\/v2\/product\/8987","targetHints":{"allow":["GET"]}}],"collection":[{"href":"https:\/\/mzauto.ee\/en\/wp-json\/wp\/v2\/product"}],"about":[{"href":"https:\/\/mzauto.ee\/en\/wp-json\/wp\/v2\/types\/product"}],"wp:featuredmedia":[{"embeddable":true,"href":"https:\/\/mzauto.ee\/en\/wp-json\/wp\/v2\/media\/8988"}],"wp:attachment":[{"href":"https:\/\/mzauto.ee\/en\/wp-json\/wp\/v2\/media?parent=8987"}],"wp:term":[{"taxonomy":"product_brand","embeddable":true,"href":"https:\/\/mzauto.ee\/en\/wp-json\/wp\/v2\/product_brand?post=8987"},{"taxonomy":"product_cat","embeddable":true,"href":"https:\/\/mzauto.ee\/en\/wp-json\/wp\/v2\/product_cat?post=8987"},{"taxonomy":"product_tag","embeddable":true,"href":"https:\/\/mzauto.ee\/en\/wp-json\/wp\/v2\/product_tag?post=8987"}],"curies":[{"name":"wp","href":"https:\/\/api.w.org\/{rel}","templated":true}]}}