{"id":8984,"date":"2022-12-12T18:29:20","date_gmt":"2022-12-12T18:29:20","guid":{"rendered":"https:\/\/mzauto.ee\/?post_type=product&#038;p=8984"},"modified":"2025-01-03T12:04:18","modified_gmt":"2025-01-03T12:04:18","slug":"tomberihm-aasaga-punane","status":"publish","type":"product","link":"https:\/\/mzauto.ee\/en\/toode\/tomberihm-aasaga-punane\/","title":{"rendered":"T\u00f5mberihm punane"},"content":{"rendered":"<p>Metallist aasaga t\u00f5mberihm. Kaasas on kinnitusvahendid. V\u00e4rvus punane.<\/p>\n","protected":false},"excerpt":{"rendered":"<p>Epman<\/p>\n","protected":false},"featured_media":8985,"template":"","meta":{"_monsterinsights_skip_tracking":false,"_monsterinsights_sitenote_active":false,"_monsterinsights_sitenote_note":"","_monsterinsights_sitenote_category":0},"product_brand":[],"product_cat":[32,45,62],"product_tag":[],"class_list":{"0":"post-8984","1":"product","2":"type-product","3":"status-publish","4":"has-post-thumbnail","6":"product_cat-merch","7":"product_cat-kereosad","8":"product_cat-leiunurk","10":"first","11":"instock","12":"taxable","13":"shipping-taxable","14":"purchasable","15":"product-type-simple"},"_links":{"self":[{"href":"https:\/\/mzauto.ee\/en\/wp-json\/wp\/v2\/product\/8984","targetHints":{"allow":["GET"]}}],"collection":[{"href":"https:\/\/mzauto.ee\/en\/wp-json\/wp\/v2\/product"}],"about":[{"href":"https:\/\/mzauto.ee\/en\/wp-json\/wp\/v2\/types\/product"}],"wp:featuredmedia":[{"embeddable":true,"href":"https:\/\/mzauto.ee\/en\/wp-json\/wp\/v2\/media\/8985"}],"wp:attachment":[{"href":"https:\/\/mzauto.ee\/en\/wp-json\/wp\/v2\/media?parent=8984"}],"wp:term":[{"taxonomy":"product_brand","embeddable":true,"href":"https:\/\/mzauto.ee\/en\/wp-json\/wp\/v2\/product_brand?post=8984"},{"taxonomy":"product_cat","embeddable":true,"href":"https:\/\/mzauto.ee\/en\/wp-json\/wp\/v2\/product_cat?post=8984"},{"taxonomy":"product_tag","embeddable":true,"href":"https:\/\/mzauto.ee\/en\/wp-json\/wp\/v2\/product_tag?post=8984"}],"curies":[{"name":"wp","href":"https:\/\/api.w.org\/{rel}","templated":true}]}}