{"id":8972,"date":"2022-12-08T14:33:14","date_gmt":"2022-12-08T14:33:14","guid":{"rendered":"https:\/\/mzauto.ee\/?post_type=product&#038;p=8972"},"modified":"2024-09-23T16:44:58","modified_gmt":"2024-09-23T16:44:58","slug":"hudrauliline-kasipidur-turboworks-b01","status":"publish","type":"product","link":"https:\/\/mzauto.ee\/en\/toode\/hudrauliline-kasipidur-turboworks-b01\/","title":{"rendered":"H\u00fcdrauliline k\u00e4sipidur TurboWorks B01"},"content":{"rendered":"<p>H\u00fcdrauliline k\u00e4sipidur TurboWorks. V\u00e4ga tugeva ehitusega. K\u00e4epideme pikkus 310mm. Komplekt sisaldab endas kinnitusega k\u00e4epidet ja peasilindrit.<\/p>\n<p>Peasilindri \u00fchendused &#8211; sisend AN4 7\/16&#8243;, v\u00e4ljund AN3 3\/8&#8243;.<\/p>\n<p>V\u00f5imalus paigaldada MZ Autoteeninduses.<\/p>\n<p>&nbsp;<\/p>\n","protected":false},"excerpt":{"rendered":"<p>Tootja: TurboWorks<\/p>\n","protected":false},"featured_media":8973,"template":"","meta":{"_monsterinsights_skip_tracking":false,"_monsterinsights_sitenote_active":false,"_monsterinsights_sitenote_note":"","_monsterinsights_sitenote_category":0},"product_brand":[],"product_cat":[73,63],"product_tag":[],"class_list":{"0":"post-8972","1":"product","2":"type-product","3":"status-publish","4":"has-post-thumbnail","6":"product_cat-kaigukangid-ja-kasipidurid","7":"product_cat-salong","9":"first","10":"instock","11":"taxable","12":"shipping-taxable","13":"purchasable","14":"product-type-simple"},"_links":{"self":[{"href":"https:\/\/mzauto.ee\/en\/wp-json\/wp\/v2\/product\/8972","targetHints":{"allow":["GET"]}}],"collection":[{"href":"https:\/\/mzauto.ee\/en\/wp-json\/wp\/v2\/product"}],"about":[{"href":"https:\/\/mzauto.ee\/en\/wp-json\/wp\/v2\/types\/product"}],"wp:featuredmedia":[{"embeddable":true,"href":"https:\/\/mzauto.ee\/en\/wp-json\/wp\/v2\/media\/8973"}],"wp:attachment":[{"href":"https:\/\/mzauto.ee\/en\/wp-json\/wp\/v2\/media?parent=8972"}],"wp:term":[{"taxonomy":"product_brand","embeddable":true,"href":"https:\/\/mzauto.ee\/en\/wp-json\/wp\/v2\/product_brand?post=8972"},{"taxonomy":"product_cat","embeddable":true,"href":"https:\/\/mzauto.ee\/en\/wp-json\/wp\/v2\/product_cat?post=8972"},{"taxonomy":"product_tag","embeddable":true,"href":"https:\/\/mzauto.ee\/en\/wp-json\/wp\/v2\/product_tag?post=8972"}],"curies":[{"name":"wp","href":"https:\/\/api.w.org\/{rel}","templated":true}]}}