{"id":8760,"date":"2022-11-24T18:43:55","date_gmt":"2022-11-24T18:43:55","guid":{"rendered":"https:\/\/mzauto.ee\/?post_type=product&#038;p=8760"},"modified":"2026-04-06T10:06:44","modified_gmt":"2026-04-06T10:06:44","slug":"odesa-short-shifter-bmw-e36-e46-originaalnupule","status":"publish","type":"product","link":"https:\/\/mzauto.ee\/en\/toode\/odesa-short-shifter-bmw-e36-e46-originaalnupule\/","title":{"rendered":"ODESA Short Shifter BMW E36 E46 originaal nupule (Must)"},"content":{"rendered":"<p>Otse kere k\u00fclge polditav BMW Short Shifter. V\u00e4ga tugev terasest S235\/C45 Uniballil lahendus. Kangi v\u00e4rvus must, kasutamiseks BMW originaal k\u00e4igukanginupuga. Paigaldamiseks ei vaja lisaosasid, samuti pole vaja midagi puurida ega \u00fcmber t\u00f6\u00f6delda &#8211; keerake vana k\u00e4igukang lahti ja paigaldage Short Shifter auto salongi poolt &#8211; sisestage kere poolelt keermestatud seib ja keerake see kokku.<\/p>\n<p>Soovitatav kasutada koos j\u00e4ikade k\u00e4igukastipatjadega Strongflex. Sobivus BMW E28\/E30\/E34\/E36\/E39\/E46.<\/p>\n<p>&nbsp;<\/p>\n","protected":false},"excerpt":{"rendered":"<p>Tootja: ODESA<\/p>\n","protected":false},"featured_media":8761,"template":"","meta":{"_monsterinsights_skip_tracking":false,"_monsterinsights_sitenote_active":false,"_monsterinsights_sitenote_note":"","_monsterinsights_sitenote_category":0},"product_brand":[],"product_cat":[73,63],"product_tag":[],"class_list":{"0":"post-8760","1":"product","2":"type-product","3":"status-publish","4":"has-post-thumbnail","6":"product_cat-kaigukangid-ja-kasipidurid","7":"product_cat-salong","9":"first","10":"instock","11":"taxable","12":"shipping-taxable","13":"purchasable","14":"product-type-simple"},"_links":{"self":[{"href":"https:\/\/mzauto.ee\/en\/wp-json\/wp\/v2\/product\/8760","targetHints":{"allow":["GET"]}}],"collection":[{"href":"https:\/\/mzauto.ee\/en\/wp-json\/wp\/v2\/product"}],"about":[{"href":"https:\/\/mzauto.ee\/en\/wp-json\/wp\/v2\/types\/product"}],"wp:featuredmedia":[{"embeddable":true,"href":"https:\/\/mzauto.ee\/en\/wp-json\/wp\/v2\/media\/8761"}],"wp:attachment":[{"href":"https:\/\/mzauto.ee\/en\/wp-json\/wp\/v2\/media?parent=8760"}],"wp:term":[{"taxonomy":"product_brand","embeddable":true,"href":"https:\/\/mzauto.ee\/en\/wp-json\/wp\/v2\/product_brand?post=8760"},{"taxonomy":"product_cat","embeddable":true,"href":"https:\/\/mzauto.ee\/en\/wp-json\/wp\/v2\/product_cat?post=8760"},{"taxonomy":"product_tag","embeddable":true,"href":"https:\/\/mzauto.ee\/en\/wp-json\/wp\/v2\/product_tag?post=8760"}],"curies":[{"name":"wp","href":"https:\/\/api.w.org\/{rel}","templated":true}]}}