{"id":8472,"date":"2022-11-17T19:18:24","date_gmt":"2022-11-17T19:18:24","guid":{"rendered":"https:\/\/mzauto.ee\/?post_type=product&#038;p=8472"},"modified":"2024-11-08T20:05:46","modified_gmt":"2024-11-08T20:05:46","slug":"bmw-shortshifter-e36-m3-z3-pmc","status":"publish","type":"product","link":"https:\/\/mzauto.ee\/en\/toode\/bmw-shortshifter-e36-m3-z3-pmc\/","title":{"rendered":"BMW Shortshifter E36 M3 Z3 valge nupp (PMC)"},"content":{"rendered":"<p>Otse kere k\u00fclge polditav v\u00e4ga tugev duralumiiniumist BMW shortshifter. Uniballil lahendus, reguleeritava k\u00e4igu pikkusega. Valge nupuga (keermega). Kogupikkus 440mm, salongis oleva osa pikkus 380mm. Soovitatav kasutada koos j\u00e4ikade k\u00e4igukastipatjadega Strongflex. Sobivus BMW E36\/M3\/Z3<\/p>\n<p>&nbsp;<\/p>\n","protected":false},"excerpt":{"rendered":"<p>Tootja: PMC<\/p>\n","protected":false},"featured_media":10326,"template":"","meta":{"_monsterinsights_skip_tracking":false,"_monsterinsights_sitenote_active":false,"_monsterinsights_sitenote_note":"","_monsterinsights_sitenote_category":0},"product_brand":[],"product_cat":[73,63],"product_tag":[],"class_list":{"0":"post-8472","1":"product","2":"type-product","3":"status-publish","4":"has-post-thumbnail","6":"product_cat-kaigukangid-ja-kasipidurid","7":"product_cat-salong","9":"first","10":"instock","11":"taxable","12":"shipping-taxable","13":"purchasable","14":"product-type-simple"},"_links":{"self":[{"href":"https:\/\/mzauto.ee\/en\/wp-json\/wp\/v2\/product\/8472","targetHints":{"allow":["GET"]}}],"collection":[{"href":"https:\/\/mzauto.ee\/en\/wp-json\/wp\/v2\/product"}],"about":[{"href":"https:\/\/mzauto.ee\/en\/wp-json\/wp\/v2\/types\/product"}],"wp:featuredmedia":[{"embeddable":true,"href":"https:\/\/mzauto.ee\/en\/wp-json\/wp\/v2\/media\/10326"}],"wp:attachment":[{"href":"https:\/\/mzauto.ee\/en\/wp-json\/wp\/v2\/media?parent=8472"}],"wp:term":[{"taxonomy":"product_brand","embeddable":true,"href":"https:\/\/mzauto.ee\/en\/wp-json\/wp\/v2\/product_brand?post=8472"},{"taxonomy":"product_cat","embeddable":true,"href":"https:\/\/mzauto.ee\/en\/wp-json\/wp\/v2\/product_cat?post=8472"},{"taxonomy":"product_tag","embeddable":true,"href":"https:\/\/mzauto.ee\/en\/wp-json\/wp\/v2\/product_tag?post=8472"}],"curies":[{"name":"wp","href":"https:\/\/api.w.org\/{rel}","templated":true}]}}