{"id":8467,"date":"2022-11-17T19:12:17","date_gmt":"2022-11-17T19:12:17","guid":{"rendered":"https:\/\/mzauto.ee\/?post_type=product&#038;p=8467"},"modified":"2026-02-04T20:28:59","modified_gmt":"2026-02-04T20:28:59","slug":"hudrokasipiduri-alusplaat","status":"publish","type":"product","link":"https:\/\/mzauto.ee\/en\/toode\/hudrokasipiduri-alusplaat\/","title":{"rendered":"H\u00fcdrok\u00e4sipiduri alusplaat"},"content":{"rendered":"<p>H\u00fcdrok\u00e4sipiduri tugev alusplaat, mis ei vaja lisakeevitusi. Sobib k\u00f5igile kardaanitunnelitele ja v\u00e4ga erinevatele autodele.<\/p>\n<p>Tehtud 5mm paksusest terasest. Augud on eelpuuritud.<\/p>\n<p>&nbsp;<\/p>\n","protected":false},"excerpt":{"rendered":"<p>TurboWorks<\/p>\n","protected":false},"featured_media":8468,"template":"","meta":{"_monsterinsights_skip_tracking":false,"_monsterinsights_sitenote_active":false,"_monsterinsights_sitenote_note":"","_monsterinsights_sitenote_category":0},"product_brand":[],"product_cat":[73,45,63],"product_tag":[],"class_list":{"0":"post-8467","1":"product","2":"type-product","3":"status-publish","4":"has-post-thumbnail","6":"product_cat-kaigukangid-ja-kasipidurid","7":"product_cat-kereosad","8":"product_cat-salong","10":"first","11":"instock","12":"taxable","13":"shipping-taxable","14":"purchasable","15":"product-type-simple"},"_links":{"self":[{"href":"https:\/\/mzauto.ee\/en\/wp-json\/wp\/v2\/product\/8467","targetHints":{"allow":["GET"]}}],"collection":[{"href":"https:\/\/mzauto.ee\/en\/wp-json\/wp\/v2\/product"}],"about":[{"href":"https:\/\/mzauto.ee\/en\/wp-json\/wp\/v2\/types\/product"}],"wp:featuredmedia":[{"embeddable":true,"href":"https:\/\/mzauto.ee\/en\/wp-json\/wp\/v2\/media\/8468"}],"wp:attachment":[{"href":"https:\/\/mzauto.ee\/en\/wp-json\/wp\/v2\/media?parent=8467"}],"wp:term":[{"taxonomy":"product_brand","embeddable":true,"href":"https:\/\/mzauto.ee\/en\/wp-json\/wp\/v2\/product_brand?post=8467"},{"taxonomy":"product_cat","embeddable":true,"href":"https:\/\/mzauto.ee\/en\/wp-json\/wp\/v2\/product_cat?post=8467"},{"taxonomy":"product_tag","embeddable":true,"href":"https:\/\/mzauto.ee\/en\/wp-json\/wp\/v2\/product_tag?post=8467"}],"curies":[{"name":"wp","href":"https:\/\/api.w.org\/{rel}","templated":true}]}}