{"id":6484,"date":"2022-11-04T21:09:51","date_gmt":"2022-11-04T21:09:51","guid":{"rendered":"https:\/\/mzauto.ee\/?post_type=product&#038;p=6484"},"modified":"2022-11-13T15:00:29","modified_gmt":"2022-11-13T15:00:29","slug":"bmw-e46-drift-riidenagi","status":"publish","type":"product","link":"https:\/\/mzauto.ee\/en\/toode\/bmw-e46-drift-riidenagi\/","title":{"rendered":"BMW E46 Drift riidenagi"},"content":{"rendered":"<p>Laserl\u00f5igatud metallist BMW E46 Drift riidenagi. Hea kingitus autohuvilistele, sobib kasutamiseks igas ruumis.<\/p>\n<p>M\u00f5\u00f5dud &#8211; Laius 380mm, k\u00f5rgus 285mm<\/p>\n","protected":false},"excerpt":{"rendered":"<p>Laserl\u00f5igatud metallist BMW E46 Drift riidenagi. Hea kingitus autohuvilistele, sobib kasutamiseks igas ruumis. M\u00f5\u00f5dud &#8211; Laius 380mm, k\u00f5rgus 285mm<\/p>\n","protected":false},"featured_media":6479,"template":"","meta":{"_monsterinsights_skip_tracking":false,"_monsterinsights_sitenote_active":false,"_monsterinsights_sitenote_note":"","_monsterinsights_sitenote_category":0},"product_brand":[],"product_cat":[32],"product_tag":[],"class_list":{"0":"post-6484","1":"product","2":"type-product","3":"status-publish","4":"has-post-thumbnail","6":"product_cat-merch","8":"first","9":"instock","10":"taxable","11":"shipping-taxable","12":"purchasable","13":"product-type-simple"},"_links":{"self":[{"href":"https:\/\/mzauto.ee\/en\/wp-json\/wp\/v2\/product\/6484","targetHints":{"allow":["GET"]}}],"collection":[{"href":"https:\/\/mzauto.ee\/en\/wp-json\/wp\/v2\/product"}],"about":[{"href":"https:\/\/mzauto.ee\/en\/wp-json\/wp\/v2\/types\/product"}],"wp:featuredmedia":[{"embeddable":true,"href":"https:\/\/mzauto.ee\/en\/wp-json\/wp\/v2\/media\/6479"}],"wp:attachment":[{"href":"https:\/\/mzauto.ee\/en\/wp-json\/wp\/v2\/media?parent=6484"}],"wp:term":[{"taxonomy":"product_brand","embeddable":true,"href":"https:\/\/mzauto.ee\/en\/wp-json\/wp\/v2\/product_brand?post=6484"},{"taxonomy":"product_cat","embeddable":true,"href":"https:\/\/mzauto.ee\/en\/wp-json\/wp\/v2\/product_cat?post=6484"},{"taxonomy":"product_tag","embeddable":true,"href":"https:\/\/mzauto.ee\/en\/wp-json\/wp\/v2\/product_tag?post=6484"}],"curies":[{"name":"wp","href":"https:\/\/api.w.org\/{rel}","templated":true}]}}