{"id":6482,"date":"2022-11-04T21:08:47","date_gmt":"2022-11-04T21:08:47","guid":{"rendered":"https:\/\/mzauto.ee\/?post_type=product&#038;p=6482"},"modified":"2023-09-11T16:10:44","modified_gmt":"2023-09-11T16:10:44","slug":"bmw-e36-drift-riidenagi","status":"publish","type":"product","link":"https:\/\/mzauto.ee\/en\/toode\/bmw-e36-drift-riidenagi\/","title":{"rendered":"BMW E36 Drift riidenagi"},"content":{"rendered":"<p>Laserl\u00f5igatud metallist BMW E36 Drift riidenagi. Hea kingitus autohuvilistele, sobib kasutamiseks igas ruumis.<\/p>\n<p>M\u00f5\u00f5dud &#8211; Laius 380mm, k\u00f5rgus 285mm<\/p>\n","protected":false},"excerpt":{"rendered":"<p>Laserl\u00f5igatud metallist BMW E36 Drift riidenagi. Hea kingitus autohuvilistele, sobib kasutamiseks igas ruumis. M\u00f5\u00f5dud &#8211; Laius 380mm, k\u00f5rgus 285mm<\/p>\n","protected":false},"featured_media":6476,"template":"","meta":{"_monsterinsights_skip_tracking":false,"_monsterinsights_sitenote_active":false,"_monsterinsights_sitenote_note":"","_monsterinsights_sitenote_category":0},"product_brand":[],"product_cat":[32],"product_tag":[],"class_list":{"0":"post-6482","1":"product","2":"type-product","3":"status-publish","4":"has-post-thumbnail","6":"product_cat-merch","8":"first","9":"outofstock","10":"taxable","11":"shipping-taxable","12":"purchasable","13":"product-type-simple"},"_links":{"self":[{"href":"https:\/\/mzauto.ee\/en\/wp-json\/wp\/v2\/product\/6482","targetHints":{"allow":["GET"]}}],"collection":[{"href":"https:\/\/mzauto.ee\/en\/wp-json\/wp\/v2\/product"}],"about":[{"href":"https:\/\/mzauto.ee\/en\/wp-json\/wp\/v2\/types\/product"}],"wp:featuredmedia":[{"embeddable":true,"href":"https:\/\/mzauto.ee\/en\/wp-json\/wp\/v2\/media\/6476"}],"wp:attachment":[{"href":"https:\/\/mzauto.ee\/en\/wp-json\/wp\/v2\/media?parent=6482"}],"wp:term":[{"taxonomy":"product_brand","embeddable":true,"href":"https:\/\/mzauto.ee\/en\/wp-json\/wp\/v2\/product_brand?post=6482"},{"taxonomy":"product_cat","embeddable":true,"href":"https:\/\/mzauto.ee\/en\/wp-json\/wp\/v2\/product_cat?post=6482"},{"taxonomy":"product_tag","embeddable":true,"href":"https:\/\/mzauto.ee\/en\/wp-json\/wp\/v2\/product_tag?post=6482"}],"curies":[{"name":"wp","href":"https:\/\/api.w.org\/{rel}","templated":true}]}}