{"id":6467,"date":"2022-11-04T20:47:25","date_gmt":"2022-11-04T20:47:25","guid":{"rendered":"https:\/\/mzauto.ee\/?post_type=product&#038;p=6467"},"modified":"2024-10-22T17:39:37","modified_gmt":"2024-10-22T17:39:37","slug":"bmw-e36-turn-angle-adapters","status":"publish","type":"product","link":"https:\/\/mzauto.ee\/en\/toode\/bmw-e36-turn-angle-adapters\/","title":{"rendered":"BMW E36 p\u00f6\u00f6rdenurga suurendamise adapterid"},"content":{"rendered":"<p>BMW E36 p\u00f6\u00f6rdenurga suurendamise adapterid 25%. Komplekt sisaldab kahte adapterit ja paigalduseks vajalike polte ning mutreid. V\u00e4rvus sinine, materjal duralumiinium.<\/p>\n","protected":false},"excerpt":{"rendered":"<p>TurboWorks<\/p>\n","protected":false},"featured_media":6468,"template":"","meta":{"_monsterinsights_skip_tracking":false,"_monsterinsights_sitenote_active":false,"_monsterinsights_sitenote_note":"","_monsterinsights_sitenote_category":0},"product_brand":[],"product_cat":[30],"product_tag":[],"class_list":{"0":"post-6467","1":"product","2":"type-product","3":"status-publish","4":"has-post-thumbnail","6":"product_cat-sillaosad","8":"first","9":"instock","10":"taxable","11":"shipping-taxable","12":"purchasable","13":"product-type-simple"},"_links":{"self":[{"href":"https:\/\/mzauto.ee\/en\/wp-json\/wp\/v2\/product\/6467","targetHints":{"allow":["GET"]}}],"collection":[{"href":"https:\/\/mzauto.ee\/en\/wp-json\/wp\/v2\/product"}],"about":[{"href":"https:\/\/mzauto.ee\/en\/wp-json\/wp\/v2\/types\/product"}],"wp:featuredmedia":[{"embeddable":true,"href":"https:\/\/mzauto.ee\/en\/wp-json\/wp\/v2\/media\/6468"}],"wp:attachment":[{"href":"https:\/\/mzauto.ee\/en\/wp-json\/wp\/v2\/media?parent=6467"}],"wp:term":[{"taxonomy":"product_brand","embeddable":true,"href":"https:\/\/mzauto.ee\/en\/wp-json\/wp\/v2\/product_brand?post=6467"},{"taxonomy":"product_cat","embeddable":true,"href":"https:\/\/mzauto.ee\/en\/wp-json\/wp\/v2\/product_cat?post=6467"},{"taxonomy":"product_tag","embeddable":true,"href":"https:\/\/mzauto.ee\/en\/wp-json\/wp\/v2\/product_tag?post=6467"}],"curies":[{"name":"wp","href":"https:\/\/api.w.org\/{rel}","templated":true}]}}