{"id":6284,"date":"2022-10-29T13:37:52","date_gmt":"2022-10-29T13:37:52","guid":{"rendered":"https:\/\/mzauto.ee\/?post_type=product&#038;p=6284"},"modified":"2023-01-09T12:31:31","modified_gmt":"2023-01-09T12:31:31","slug":"angel-eyes-ccfl-bmw-kit-131mm","status":"publish","type":"product","link":"https:\/\/mzauto.ee\/en\/toode\/angel-eyes-ccfl-bmw-kit-131mm\/","title":{"rendered":"Angel eyes CCFL BMW kit 131mm"},"content":{"rendered":"<p>CCFL tehnoloogiaga BMW Angel eyes komplekt. R\u00f5ngaste m\u00f5\u00f5t 131mm. Sobib BMW mudelitele E46 (esituled, kus on kaks 131mm tuld), E39, E38 ja E36.<\/p>\n<p>Komplekti kuulub:<\/p>\n<ul>\n<li>2 CCFL l\u00e4hituledesse<\/li>\n<li>2 CCFL kaugtuledesse<\/li>\n<li>2 inverterit<\/li>\n<li>Kinnitused<\/li>\n<li>Paigaldusjuhend (inglise keeles)<\/li>\n<\/ul>\n","protected":false},"excerpt":{"rendered":"<p>CCFL tehnoloogiaga BMW Angel eyes komplekt. R\u00f5ngaste m\u00f5\u00f5t 131mm. Sobib BMW mudelitele E46 (esituled, kus on kaks 131mm tuld), E39, E38 ja E36. Komplekti kuulub: 2<span class=\"excerpt-hellip\"> [\u2026]<\/span><\/p>\n","protected":false},"featured_media":6285,"template":"","meta":{"_monsterinsights_skip_tracking":false,"_monsterinsights_sitenote_active":false,"_monsterinsights_sitenote_note":"","_monsterinsights_sitenote_category":0},"product_brand":[],"product_cat":[74],"product_tag":[],"class_list":{"0":"post-6284","1":"product","2":"type-product","3":"status-publish","4":"has-post-thumbnail","6":"product_cat-valgustus","8":"first","9":"outofstock","10":"taxable","11":"shipping-taxable","12":"purchasable","13":"product-type-simple"},"_links":{"self":[{"href":"https:\/\/mzauto.ee\/en\/wp-json\/wp\/v2\/product\/6284","targetHints":{"allow":["GET"]}}],"collection":[{"href":"https:\/\/mzauto.ee\/en\/wp-json\/wp\/v2\/product"}],"about":[{"href":"https:\/\/mzauto.ee\/en\/wp-json\/wp\/v2\/types\/product"}],"wp:featuredmedia":[{"embeddable":true,"href":"https:\/\/mzauto.ee\/en\/wp-json\/wp\/v2\/media\/6285"}],"wp:attachment":[{"href":"https:\/\/mzauto.ee\/en\/wp-json\/wp\/v2\/media?parent=6284"}],"wp:term":[{"taxonomy":"product_brand","embeddable":true,"href":"https:\/\/mzauto.ee\/en\/wp-json\/wp\/v2\/product_brand?post=6284"},{"taxonomy":"product_cat","embeddable":true,"href":"https:\/\/mzauto.ee\/en\/wp-json\/wp\/v2\/product_cat?post=6284"},{"taxonomy":"product_tag","embeddable":true,"href":"https:\/\/mzauto.ee\/en\/wp-json\/wp\/v2\/product_tag?post=6284"}],"curies":[{"name":"wp","href":"https:\/\/api.w.org\/{rel}","templated":true}]}}