{"id":5641,"date":"2022-09-25T06:26:58","date_gmt":"2022-09-25T06:26:58","guid":{"rendered":"https:\/\/mzauto.ee\/?post_type=product&#038;p=5641"},"modified":"2024-09-23T16:45:55","modified_gmt":"2024-09-23T16:45:55","slug":"sportrool-pro-350mm-carbon-halliga","status":"publish","type":"product","link":"https:\/\/mzauto.ee\/en\/toode\/sportrool-pro-350mm-carbon-halliga\/","title":{"rendered":"Sportrool Pro 350mm carbon offset:90 (halli m\u00e4rgisega)"},"content":{"rendered":"<p>Kvaliteetsetest materjalidest valmistatud sportrool Slide. Must nahk carbon immitatsiooniga. Halli v\u00e4rvi keskpunktiga. L\u00e4bim\u00f5\u00f5t 350mm, Offset 90mm. Komplektis on kaasas signaalinupp, kruvid, juhtmed signaali \u00fchendamiseks ja tootja logoga kleebis.<\/p>\n<p>Materjal: alumiinium ja carbon immitatsiooniga nahk<\/p>\n<p>&nbsp;<\/p>\n","protected":false},"excerpt":{"rendered":"<p>Tootja: SLIDE<\/p>\n","protected":false},"featured_media":5642,"template":"","meta":{"_monsterinsights_skip_tracking":false,"_monsterinsights_sitenote_active":false,"_monsterinsights_sitenote_note":"","_monsterinsights_sitenote_category":0},"product_brand":[],"product_cat":[72,63],"product_tag":[],"class_list":{"0":"post-5641","1":"product","2":"type-product","3":"status-publish","4":"has-post-thumbnail","6":"product_cat-roolid-ja-adapterid","7":"product_cat-salong","9":"first","10":"instock","11":"taxable","12":"shipping-taxable","13":"purchasable","14":"product-type-simple"},"_links":{"self":[{"href":"https:\/\/mzauto.ee\/en\/wp-json\/wp\/v2\/product\/5641","targetHints":{"allow":["GET"]}}],"collection":[{"href":"https:\/\/mzauto.ee\/en\/wp-json\/wp\/v2\/product"}],"about":[{"href":"https:\/\/mzauto.ee\/en\/wp-json\/wp\/v2\/types\/product"}],"wp:featuredmedia":[{"embeddable":true,"href":"https:\/\/mzauto.ee\/en\/wp-json\/wp\/v2\/media\/5642"}],"wp:attachment":[{"href":"https:\/\/mzauto.ee\/en\/wp-json\/wp\/v2\/media?parent=5641"}],"wp:term":[{"taxonomy":"product_brand","embeddable":true,"href":"https:\/\/mzauto.ee\/en\/wp-json\/wp\/v2\/product_brand?post=5641"},{"taxonomy":"product_cat","embeddable":true,"href":"https:\/\/mzauto.ee\/en\/wp-json\/wp\/v2\/product_cat?post=5641"},{"taxonomy":"product_tag","embeddable":true,"href":"https:\/\/mzauto.ee\/en\/wp-json\/wp\/v2\/product_tag?post=5641"}],"curies":[{"name":"wp","href":"https:\/\/api.w.org\/{rel}","templated":true}]}}