{"id":5567,"date":"2022-09-17T06:28:46","date_gmt":"2022-09-17T06:28:46","guid":{"rendered":"https:\/\/mzauto.ee\/?post_type=product&#038;p=5567"},"modified":"2025-07-09T14:01:20","modified_gmt":"2025-07-09T14:01:20","slug":"bmw-e36-typ188-diferentsiaalitugevdus-2","status":"publish","type":"product","link":"https:\/\/mzauto.ee\/en\/toode\/bmw-e36-typ188-diferentsiaalitugevdus-2\/","title":{"rendered":"BMW E36 TYP188 diferentsiaalitugevdus"},"content":{"rendered":"<p>BMW E36 TYP188 diferentsiaali korpuse tugevdusplaat, mis aitab v\u00e4ltida korpuse k\u00f5rvade \u00e4ra murdumist. V\u00e4ga kerge paigaldusega. Materjal teras 3mm.<\/p>\n","protected":false},"excerpt":{"rendered":"<p>BMW E36 TYP188 diferentsiaali korpuse tugevdusplaat, mis aitab v\u00e4ltida korpuse k\u00f5rvade \u00e4ra murdumist. V\u00e4ga kerge paigaldusega. Materjal teras 3mm.<\/p>\n","protected":false},"featured_media":5058,"template":"","meta":{"_monsterinsights_skip_tracking":false,"_monsterinsights_sitenote_active":false,"_monsterinsights_sitenote_note":"","_monsterinsights_sitenote_category":0},"product_brand":[],"product_cat":[46],"product_tag":[],"class_list":{"0":"post-5567","1":"product","2":"type-product","3":"status-publish","4":"has-post-thumbnail","6":"product_cat-keretugevdused","8":"first","9":"outofstock","10":"taxable","11":"shipping-taxable","12":"purchasable","13":"product-type-simple"},"_links":{"self":[{"href":"https:\/\/mzauto.ee\/en\/wp-json\/wp\/v2\/product\/5567","targetHints":{"allow":["GET"]}}],"collection":[{"href":"https:\/\/mzauto.ee\/en\/wp-json\/wp\/v2\/product"}],"about":[{"href":"https:\/\/mzauto.ee\/en\/wp-json\/wp\/v2\/types\/product"}],"wp:featuredmedia":[{"embeddable":true,"href":"https:\/\/mzauto.ee\/en\/wp-json\/wp\/v2\/media\/5058"}],"wp:attachment":[{"href":"https:\/\/mzauto.ee\/en\/wp-json\/wp\/v2\/media?parent=5567"}],"wp:term":[{"taxonomy":"product_brand","embeddable":true,"href":"https:\/\/mzauto.ee\/en\/wp-json\/wp\/v2\/product_brand?post=5567"},{"taxonomy":"product_cat","embeddable":true,"href":"https:\/\/mzauto.ee\/en\/wp-json\/wp\/v2\/product_cat?post=5567"},{"taxonomy":"product_tag","embeddable":true,"href":"https:\/\/mzauto.ee\/en\/wp-json\/wp\/v2\/product_tag?post=5567"}],"curies":[{"name":"wp","href":"https:\/\/api.w.org\/{rel}","templated":true}]}}