{"id":5562,"date":"2022-09-16T05:37:46","date_gmt":"2022-09-16T05:37:46","guid":{"rendered":"https:\/\/mzauto.ee\/?post_type=product&#038;p=5562"},"modified":"2026-04-10T04:45:32","modified_gmt":"2026-04-10T04:45:32","slug":"e36-peidetav-hudrauliline-kasipidur","status":"publish","type":"product","link":"https:\/\/mzauto.ee\/en\/toode\/e36-peidetav-hudrauliline-kasipidur\/","title":{"rendered":"E36 peidetav h\u00fcdrauliline k\u00e4sipidur"},"content":{"rendered":"<p>BMW E36 originaal asukohta kinnituv h\u00fcdrauliline k\u00e4sipidur, 0,625 silindri ja kangi lisapikendusega (kinnitub klambritega).<\/p>\n<p>V\u00f5imalus paigaldada MZ Autoteeninduses.<\/p>\n<p>&nbsp;<\/p>\n","protected":false},"excerpt":{"rendered":"<p>BMW E36 originaal asukohta kinnituv h\u00fcdrauliline k\u00e4sipidur, 0,625 silindri ja kangi lisapikendusega (kinnitub klambritega). V\u00f5imalus paigaldada MZ Autoteeninduses. &nbsp;<\/p>\n","protected":false},"featured_media":5565,"template":"","meta":{"_monsterinsights_skip_tracking":false,"_monsterinsights_sitenote_active":false,"_monsterinsights_sitenote_note":"","_monsterinsights_sitenote_category":0},"product_brand":[],"product_cat":[73,63],"product_tag":[],"class_list":{"0":"post-5562","1":"product","2":"type-product","3":"status-publish","4":"has-post-thumbnail","6":"product_cat-kaigukangid-ja-kasipidurid","7":"product_cat-salong","9":"first","10":"outofstock","11":"taxable","12":"shipping-taxable","13":"purchasable","14":"product-type-simple"},"_links":{"self":[{"href":"https:\/\/mzauto.ee\/en\/wp-json\/wp\/v2\/product\/5562","targetHints":{"allow":["GET"]}}],"collection":[{"href":"https:\/\/mzauto.ee\/en\/wp-json\/wp\/v2\/product"}],"about":[{"href":"https:\/\/mzauto.ee\/en\/wp-json\/wp\/v2\/types\/product"}],"wp:featuredmedia":[{"embeddable":true,"href":"https:\/\/mzauto.ee\/en\/wp-json\/wp\/v2\/media\/5565"}],"wp:attachment":[{"href":"https:\/\/mzauto.ee\/en\/wp-json\/wp\/v2\/media?parent=5562"}],"wp:term":[{"taxonomy":"product_brand","embeddable":true,"href":"https:\/\/mzauto.ee\/en\/wp-json\/wp\/v2\/product_brand?post=5562"},{"taxonomy":"product_cat","embeddable":true,"href":"https:\/\/mzauto.ee\/en\/wp-json\/wp\/v2\/product_cat?post=5562"},{"taxonomy":"product_tag","embeddable":true,"href":"https:\/\/mzauto.ee\/en\/wp-json\/wp\/v2\/product_tag?post=5562"}],"curies":[{"name":"wp","href":"https:\/\/api.w.org\/{rel}","templated":true}]}}