{"id":5055,"date":"2022-04-28T19:31:01","date_gmt":"2022-04-28T19:31:01","guid":{"rendered":"https:\/\/mzauto.ee\/?post_type=product&#038;p=5055"},"modified":"2026-03-30T06:41:03","modified_gmt":"2026-03-30T06:41:03","slug":"bmw-e36-typ188-diferentsiaalitugevdus","status":"publish","type":"product","link":"https:\/\/mzauto.ee\/en\/toode\/bmw-e36-typ188-diferentsiaalitugevdus\/","title":{"rendered":"BMW E36 TYP168 diferentsiaalitugevdus"},"content":{"rendered":"<p>BMW E36 TYP168 diferentsiaali korpuse tugevdusplaat, mis aitab v\u00e4ltida korpuse k\u00f5rvade \u00e4ra murdumist. V\u00e4ga kerge paigaldusega. Materjal teras 3mm.<\/p>\n","protected":false},"excerpt":{"rendered":"<p>BMW E36 TYP168 diferentsiaali korpuse tugevdusplaat, mis aitab v\u00e4ltida korpuse k\u00f5rvade \u00e4ra murdumist. V\u00e4ga kerge paigaldusega. Materjal teras 3mm.<\/p>\n","protected":false},"featured_media":5058,"template":"","meta":{"_monsterinsights_skip_tracking":false,"_monsterinsights_sitenote_active":false,"_monsterinsights_sitenote_note":"","_monsterinsights_sitenote_category":0},"product_brand":[],"product_cat":[46],"product_tag":[],"class_list":{"0":"post-5055","1":"product","2":"type-product","3":"status-publish","4":"has-post-thumbnail","6":"product_cat-keretugevdused","8":"first","9":"instock","10":"taxable","11":"shipping-taxable","12":"purchasable","13":"product-type-simple"},"_links":{"self":[{"href":"https:\/\/mzauto.ee\/en\/wp-json\/wp\/v2\/product\/5055","targetHints":{"allow":["GET"]}}],"collection":[{"href":"https:\/\/mzauto.ee\/en\/wp-json\/wp\/v2\/product"}],"about":[{"href":"https:\/\/mzauto.ee\/en\/wp-json\/wp\/v2\/types\/product"}],"wp:featuredmedia":[{"embeddable":true,"href":"https:\/\/mzauto.ee\/en\/wp-json\/wp\/v2\/media\/5058"}],"wp:attachment":[{"href":"https:\/\/mzauto.ee\/en\/wp-json\/wp\/v2\/media?parent=5055"}],"wp:term":[{"taxonomy":"product_brand","embeddable":true,"href":"https:\/\/mzauto.ee\/en\/wp-json\/wp\/v2\/product_brand?post=5055"},{"taxonomy":"product_cat","embeddable":true,"href":"https:\/\/mzauto.ee\/en\/wp-json\/wp\/v2\/product_cat?post=5055"},{"taxonomy":"product_tag","embeddable":true,"href":"https:\/\/mzauto.ee\/en\/wp-json\/wp\/v2\/product_tag?post=5055"}],"curies":[{"name":"wp","href":"https:\/\/api.w.org\/{rel}","templated":true}]}}