{"id":4124,"date":"2022-01-10T18:00:43","date_gmt":"2022-01-10T18:00:43","guid":{"rendered":"https:\/\/mzauto.ee\/?post_type=product&#038;p=4124"},"modified":"2025-02-21T22:51:21","modified_gmt":"2025-02-21T22:51:21","slug":"sportrool-slide-350mm-nahk-mustaga","status":"publish","type":"product","link":"https:\/\/mzauto.ee\/en\/toode\/sportrool-slide-350mm-nahk-mustaga\/","title":{"rendered":"Sportrool Slide 350mm musta nahaga offset:90 (musta m\u00e4rgisega)"},"content":{"rendered":"<p>Kvaliteetsetest materjalidest valmistatud sportrool Slide. Musta nahast kattega. L\u00e4bim\u00f5\u00f5t 350mm, Offset 90mm. Komplektis on kaasas signaalinupp, kruvid, juhtmed signaali \u00fchendamiseks ja tootja logoga kleebis. Musta keskosa m\u00e4rgisega..<\/p>\n<p>Materjal: alumiinium ja nahk.<\/p>\n<p>&nbsp;<\/p>\n","protected":false},"excerpt":{"rendered":"<p>Tootja: SLIDE<\/p>\n","protected":false},"featured_media":6138,"template":"","meta":{"_monsterinsights_skip_tracking":false,"_monsterinsights_sitenote_active":false,"_monsterinsights_sitenote_note":"","_monsterinsights_sitenote_category":0},"product_brand":[],"product_cat":[72,63],"product_tag":[],"class_list":{"0":"post-4124","1":"product","2":"type-product","3":"status-publish","4":"has-post-thumbnail","6":"product_cat-roolid-ja-adapterid","7":"product_cat-salong","9":"first","10":"instock","11":"taxable","12":"shipping-taxable","13":"purchasable","14":"product-type-simple"},"_links":{"self":[{"href":"https:\/\/mzauto.ee\/en\/wp-json\/wp\/v2\/product\/4124","targetHints":{"allow":["GET"]}}],"collection":[{"href":"https:\/\/mzauto.ee\/en\/wp-json\/wp\/v2\/product"}],"about":[{"href":"https:\/\/mzauto.ee\/en\/wp-json\/wp\/v2\/types\/product"}],"wp:featuredmedia":[{"embeddable":true,"href":"https:\/\/mzauto.ee\/en\/wp-json\/wp\/v2\/media\/6138"}],"wp:attachment":[{"href":"https:\/\/mzauto.ee\/en\/wp-json\/wp\/v2\/media?parent=4124"}],"wp:term":[{"taxonomy":"product_brand","embeddable":true,"href":"https:\/\/mzauto.ee\/en\/wp-json\/wp\/v2\/product_brand?post=4124"},{"taxonomy":"product_cat","embeddable":true,"href":"https:\/\/mzauto.ee\/en\/wp-json\/wp\/v2\/product_cat?post=4124"},{"taxonomy":"product_tag","embeddable":true,"href":"https:\/\/mzauto.ee\/en\/wp-json\/wp\/v2\/product_tag?post=4124"}],"curies":[{"name":"wp","href":"https:\/\/api.w.org\/{rel}","templated":true}]}}