{"id":4027,"date":"2022-01-04T16:33:31","date_gmt":"2022-01-04T16:33:31","guid":{"rendered":"https:\/\/mzauto.ee\/?post_type=product&#038;p=4027"},"modified":"2022-10-05T18:03:05","modified_gmt":"2022-10-05T18:03:05","slug":"eurol-fultrax-75w140","status":"publish","type":"product","link":"https:\/\/mzauto.ee\/en\/toode\/eurol-fultrax-75w140\/","title":{"rendered":"Eurol Fultrax 75W-140 (Limited Slip) 1L"},"content":{"rendered":"<div>Motul Gear Competition 75W-140 (Limited Slip) 1 Liiter<\/div>\n<div><\/div>\n<div>100% s\u00fcnteetiline m\u00e4\u00e4rdeaine mehaaniliste j\u00f5u\u00fclekannete jaoks. P\u00f5hineb estritehnoloogial ja vastab kehtivate standardite n\u00f5uetele. Toode on spetsiaalselt v\u00e4lja t\u00f6\u00f6tatud k\u00f5ikide libisemist piirava s\u00fcsteemiga h\u00fcpoiddiferentsiaalide, integreeritud suurh\u00f5\u00f5rdediferentsiaaliga k\u00e4igukastide, mehaaniliste j\u00f5u\u00fclekannete, s\u00fcnkroonitud v\u00f5i s\u00fcnkroonimata k\u00e4igukastide ja jaotuskastide jaoks, mille t\u00f6\u00f6tingimusi iseloomustavad l\u00f6\u00f6kkoormused, suur koormus v\u00e4ikestel p\u00f6\u00f6retel v\u00f5i m\u00f5\u00f5dukas koormus suurtel p\u00f6\u00f6retel. See suure survetaluvusega s\u00fcnteetiline m\u00e4\u00e4rdeaine kaitseb t\u00f5husalt kulumise vastu, suurendab vastupidavust k\u00f5rgel temperatuuril ja pikendab kasutuskestust. Toote v\u00e4ga head m\u00e4\u00e4rimisomadused v\u00e4hendavad h\u00f5\u00f5rdumist ja kulumist ning k\u00e4iguvahetuseks vajalikku j\u00f5udu ka k\u00fclma ilmaga. Viskoossusklass 140 aitab tagada \u00f5likelme suurep\u00e4rase vastupidavuse k\u00f5rgel temperatuuril ja\/v\u00f5i v\u00e4hendada j\u00f5u\u00fclekande t\u00f6\u00f6m\u00fcra Tagab 100% nihkekindla \u00f5likelme \u00e4\u00e4rmuslikes tingimustes. Sobib igat t\u00fc\u00fcpi tihenditega ja kollase materjaliga, mida kasutatakse k\u00e4igukastide konstruktsioonis.<\/div>\n<div><\/div>\n<div>Standardid:<\/div>\n<div>API GL-5<\/div>\n<div>Ford WSS-M2C192-A<br \/>\nBMW LS Axle<br \/>\nBMW MSP\/A<br \/>\nScania STO 1:0<br \/>\nGM\/Opel GM 12346140<\/div>\n","protected":false},"excerpt":{"rendered":"<p>Motul Gear Competition 75W-140 (Limited Slip) 1 Liiter 100% s\u00fcnteetiline m\u00e4\u00e4rdeaine mehaaniliste j\u00f5u\u00fclekannete jaoks. P\u00f5hineb estritehnoloogial ja vastab kehtivate standardite n\u00f5uetele. Toode on spetsiaalselt v\u00e4lja t\u00f6\u00f6tatud<span class=\"excerpt-hellip\"> [\u2026]<\/span><\/p>\n","protected":false},"featured_media":5699,"template":"","meta":{"_monsterinsights_skip_tracking":false,"_monsterinsights_sitenote_active":false,"_monsterinsights_sitenote_note":"","_monsterinsights_sitenote_category":0},"product_brand":[],"product_cat":[65],"product_tag":[],"class_list":{"0":"post-4027","1":"product","2":"type-product","3":"status-publish","4":"has-post-thumbnail","6":"product_cat-olid-ja-maardeained","8":"first","9":"instock","10":"taxable","11":"shipping-taxable","12":"purchasable","13":"product-type-simple"},"_links":{"self":[{"href":"https:\/\/mzauto.ee\/en\/wp-json\/wp\/v2\/product\/4027","targetHints":{"allow":["GET"]}}],"collection":[{"href":"https:\/\/mzauto.ee\/en\/wp-json\/wp\/v2\/product"}],"about":[{"href":"https:\/\/mzauto.ee\/en\/wp-json\/wp\/v2\/types\/product"}],"wp:featuredmedia":[{"embeddable":true,"href":"https:\/\/mzauto.ee\/en\/wp-json\/wp\/v2\/media\/5699"}],"wp:attachment":[{"href":"https:\/\/mzauto.ee\/en\/wp-json\/wp\/v2\/media?parent=4027"}],"wp:term":[{"taxonomy":"product_brand","embeddable":true,"href":"https:\/\/mzauto.ee\/en\/wp-json\/wp\/v2\/product_brand?post=4027"},{"taxonomy":"product_cat","embeddable":true,"href":"https:\/\/mzauto.ee\/en\/wp-json\/wp\/v2\/product_cat?post=4027"},{"taxonomy":"product_tag","embeddable":true,"href":"https:\/\/mzauto.ee\/en\/wp-json\/wp\/v2\/product_tag?post=4027"}],"curies":[{"name":"wp","href":"https:\/\/api.w.org\/{rel}","templated":true}]}}