{"id":3826,"date":"2021-12-17T19:17:21","date_gmt":"2021-12-17T19:17:21","guid":{"rendered":"https:\/\/mzauto.ee\/?post_type=product&#038;p=3826"},"modified":"2021-12-17T19:19:34","modified_gmt":"2021-12-17T19:19:34","slug":"bmw-e30-topsihoidja","status":"publish","type":"product","link":"https:\/\/mzauto.ee\/en\/toode\/bmw-e30-topsihoidja\/","title":{"rendered":"BMW E30 topsihoidja"},"content":{"rendered":"<p>V\u00e4ga lihtsa paigaldusega BMW E30 topsihoidja, millele on lisatud ka sigaretis\u00fc\u00fctaja (12v laadija \u00fchendamise v\u00f5imalus). Kinnitub tehase tuhatoosi asemele samadesse kruviaukudesse.<\/p>\n<p>&nbsp;<\/p>\n","protected":false},"excerpt":{"rendered":"<p>V\u00e4ga lihtsa paigaldusega BMW E30 topsihoidja, millele on lisatud ka sigaretis\u00fc\u00fctaja (12v laadija \u00fchendamise v\u00f5imalus). Kinnitub tehase tuhatoosi asemele samadesse kruviaukudesse. &nbsp;<\/p>\n","protected":false},"featured_media":3827,"template":"","meta":{"_monsterinsights_skip_tracking":false,"_monsterinsights_sitenote_active":false,"_monsterinsights_sitenote_note":"","_monsterinsights_sitenote_category":0},"product_brand":[],"product_cat":[63],"product_tag":[],"class_list":{"0":"post-3826","1":"product","2":"type-product","3":"status-publish","4":"has-post-thumbnail","6":"product_cat-salong","8":"first","9":"instock","10":"taxable","11":"shipping-taxable","12":"purchasable","13":"product-type-simple"},"_links":{"self":[{"href":"https:\/\/mzauto.ee\/en\/wp-json\/wp\/v2\/product\/3826","targetHints":{"allow":["GET"]}}],"collection":[{"href":"https:\/\/mzauto.ee\/en\/wp-json\/wp\/v2\/product"}],"about":[{"href":"https:\/\/mzauto.ee\/en\/wp-json\/wp\/v2\/types\/product"}],"wp:featuredmedia":[{"embeddable":true,"href":"https:\/\/mzauto.ee\/en\/wp-json\/wp\/v2\/media\/3827"}],"wp:attachment":[{"href":"https:\/\/mzauto.ee\/en\/wp-json\/wp\/v2\/media?parent=3826"}],"wp:term":[{"taxonomy":"product_brand","embeddable":true,"href":"https:\/\/mzauto.ee\/en\/wp-json\/wp\/v2\/product_brand?post=3826"},{"taxonomy":"product_cat","embeddable":true,"href":"https:\/\/mzauto.ee\/en\/wp-json\/wp\/v2\/product_cat?post=3826"},{"taxonomy":"product_tag","embeddable":true,"href":"https:\/\/mzauto.ee\/en\/wp-json\/wp\/v2\/product_tag?post=3826"}],"curies":[{"name":"wp","href":"https:\/\/api.w.org\/{rel}","templated":true}]}}