{"id":3796,"date":"2021-12-12T19:45:44","date_gmt":"2021-12-12T19:45:44","guid":{"rendered":"https:\/\/mzauto.ee\/?post_type=product&#038;p=3796"},"modified":"2024-05-13T07:40:25","modified_gmt":"2024-05-13T07:40:25","slug":"comma-classic-20w50-5l-mootorioli","status":"publish","type":"product","link":"https:\/\/mzauto.ee\/en\/toode\/comma-classic-20w50-5l-mootorioli\/","title":{"rendered":"Comma Classic 20W50 5L mootori\u00f5li"},"content":{"rendered":"<p>Comma Classic 20W50 5L mineraal mootori\u00f5li klassikalistele autodele. Aastaringseks kasutamiseks, kaitseb ja s\u00e4ilitab vanu mootoreid. K\u00f5rge viskoossus aitab v\u00e4hendada \u00f5li kadu ja leket.<\/p>\n<p>Klassifikatsioon: SAE 20W50 API SE API CC<\/p>\n<p>&nbsp;<\/p>\n","protected":false},"excerpt":{"rendered":"<p>Comma Classic 20W50 5L mineraal mootori\u00f5li klassikalistele autodele. Aastaringseks kasutamiseks, kaitseb ja s\u00e4ilitab vanu mootoreid. K\u00f5rge viskoossus aitab v\u00e4hendada \u00f5li kadu ja leket. Klassifikatsioon: SAE 20W50<span class=\"excerpt-hellip\"> [\u2026]<\/span><\/p>\n","protected":false},"featured_media":3797,"template":"","meta":{"_monsterinsights_skip_tracking":false,"_monsterinsights_sitenote_active":false,"_monsterinsights_sitenote_note":"","_monsterinsights_sitenote_category":0},"product_brand":[],"product_cat":[65],"product_tag":[],"class_list":{"0":"post-3796","1":"product","2":"type-product","3":"status-publish","4":"has-post-thumbnail","6":"product_cat-olid-ja-maardeained","8":"first","9":"outofstock","10":"taxable","11":"shipping-taxable","12":"purchasable","13":"product-type-simple"},"_links":{"self":[{"href":"https:\/\/mzauto.ee\/en\/wp-json\/wp\/v2\/product\/3796","targetHints":{"allow":["GET"]}}],"collection":[{"href":"https:\/\/mzauto.ee\/en\/wp-json\/wp\/v2\/product"}],"about":[{"href":"https:\/\/mzauto.ee\/en\/wp-json\/wp\/v2\/types\/product"}],"wp:featuredmedia":[{"embeddable":true,"href":"https:\/\/mzauto.ee\/en\/wp-json\/wp\/v2\/media\/3797"}],"wp:attachment":[{"href":"https:\/\/mzauto.ee\/en\/wp-json\/wp\/v2\/media?parent=3796"}],"wp:term":[{"taxonomy":"product_brand","embeddable":true,"href":"https:\/\/mzauto.ee\/en\/wp-json\/wp\/v2\/product_brand?post=3796"},{"taxonomy":"product_cat","embeddable":true,"href":"https:\/\/mzauto.ee\/en\/wp-json\/wp\/v2\/product_cat?post=3796"},{"taxonomy":"product_tag","embeddable":true,"href":"https:\/\/mzauto.ee\/en\/wp-json\/wp\/v2\/product_tag?post=3796"}],"curies":[{"name":"wp","href":"https:\/\/api.w.org\/{rel}","templated":true}]}}