{"id":3781,"date":"2021-11-29T19:56:42","date_gmt":"2021-11-29T19:56:42","guid":{"rendered":"https:\/\/mzauto.ee\/?post_type=product&#038;p=3781"},"modified":"2025-07-23T05:50:38","modified_gmt":"2025-07-23T05:50:38","slug":"bmw-e46-sportrooli-adapter","status":"publish","type":"product","link":"https:\/\/mzauto.ee\/en\/toode\/bmw-e46-sportrooli-adapter\/","title":{"rendered":"BMW E46 sportrooli adapter"},"content":{"rendered":"<p>BMW E46 sobiv sportrooli adapter. V\u00f5imaldab mitmete erinevate sportroolide paigaldamist BMW E46 mudelitele. Kaasas on kruvid, vaheplaat ja juhe signaali \u00fchendamiseks. K\u00f5rgus 50 mm, poldiavade vaheline kaugus 22mm. V\u00f5ib vajada olenevalt autost adapteri sisemiste hammaste v\u00e4iksemat t\u00f6\u00f6tlemist.<\/p>\n<p>&nbsp;<\/p>\n","protected":false},"excerpt":{"rendered":"<p>BMW E46 sobiv sportrooli adapter. V\u00f5imaldab mitmete erinevate sportroolide paigaldamist BMW E46 mudelitele. Kaasas on kruvid, vaheplaat ja juhe signaali \u00fchendamiseks. K\u00f5rgus 50 mm, poldiavade vaheline<span class=\"excerpt-hellip\"> [\u2026]<\/span><\/p>\n","protected":false},"featured_media":3784,"template":"","meta":{"_monsterinsights_skip_tracking":false,"_monsterinsights_sitenote_active":false,"_monsterinsights_sitenote_note":"","_monsterinsights_sitenote_category":0},"product_brand":[],"product_cat":[72,63],"product_tag":[],"class_list":{"0":"post-3781","1":"product","2":"type-product","3":"status-publish","4":"has-post-thumbnail","6":"product_cat-roolid-ja-adapterid","7":"product_cat-salong","9":"first","10":"outofstock","11":"taxable","12":"shipping-taxable","13":"purchasable","14":"product-type-simple"},"_links":{"self":[{"href":"https:\/\/mzauto.ee\/en\/wp-json\/wp\/v2\/product\/3781","targetHints":{"allow":["GET"]}}],"collection":[{"href":"https:\/\/mzauto.ee\/en\/wp-json\/wp\/v2\/product"}],"about":[{"href":"https:\/\/mzauto.ee\/en\/wp-json\/wp\/v2\/types\/product"}],"wp:featuredmedia":[{"embeddable":true,"href":"https:\/\/mzauto.ee\/en\/wp-json\/wp\/v2\/media\/3784"}],"wp:attachment":[{"href":"https:\/\/mzauto.ee\/en\/wp-json\/wp\/v2\/media?parent=3781"}],"wp:term":[{"taxonomy":"product_brand","embeddable":true,"href":"https:\/\/mzauto.ee\/en\/wp-json\/wp\/v2\/product_brand?post=3781"},{"taxonomy":"product_cat","embeddable":true,"href":"https:\/\/mzauto.ee\/en\/wp-json\/wp\/v2\/product_cat?post=3781"},{"taxonomy":"product_tag","embeddable":true,"href":"https:\/\/mzauto.ee\/en\/wp-json\/wp\/v2\/product_tag?post=3781"}],"curies":[{"name":"wp","href":"https:\/\/api.w.org\/{rel}","templated":true}]}}