{"id":3763,"date":"2021-11-29T19:35:27","date_gmt":"2021-11-29T19:35:27","guid":{"rendered":"https:\/\/mzauto.ee\/?post_type=product&#038;p=3763"},"modified":"2025-09-06T09:09:18","modified_gmt":"2025-09-06T09:09:18","slug":"bmw-e36-karterikaitse","status":"publish","type":"product","link":"https:\/\/mzauto.ee\/en\/toode\/bmw-e36-karterikaitse\/","title":{"rendered":"BMW E36 karterikaitse"},"content":{"rendered":"<p>BMW E36 k\u00f5igile mudelitele ja mootorit\u00fc\u00fcpidele sobiv tugev karterikaitse. Paksus 3MM, materjal Domex 700, v\u00e4rvus must.<\/p>\n<p>Soovi korral paigaldus meie teeninduses.<\/p>\n","protected":false},"excerpt":{"rendered":"<p>BMW E36 k\u00f5igile mudelitele ja mootorit\u00fc\u00fcpidele sobiv tugev karterikaitse. Paksus 3MM, materjal Domex 700, v\u00e4rvus must. Soovi korral paigaldus meie teeninduses.<\/p>\n","protected":false},"featured_media":3764,"template":"","meta":{"_monsterinsights_skip_tracking":false,"_monsterinsights_sitenote_active":false,"_monsterinsights_sitenote_note":"","_monsterinsights_sitenote_category":0},"product_brand":[],"product_cat":[45],"product_tag":[],"class_list":{"0":"post-3763","1":"product","2":"type-product","3":"status-publish","4":"has-post-thumbnail","6":"product_cat-kereosad","7":"product_shipping_class-cargobus","9":"first","10":"outofstock","11":"taxable","12":"shipping-taxable","13":"purchasable","14":"product-type-simple"},"_links":{"self":[{"href":"https:\/\/mzauto.ee\/en\/wp-json\/wp\/v2\/product\/3763","targetHints":{"allow":["GET"]}}],"collection":[{"href":"https:\/\/mzauto.ee\/en\/wp-json\/wp\/v2\/product"}],"about":[{"href":"https:\/\/mzauto.ee\/en\/wp-json\/wp\/v2\/types\/product"}],"wp:featuredmedia":[{"embeddable":true,"href":"https:\/\/mzauto.ee\/en\/wp-json\/wp\/v2\/media\/3764"}],"wp:attachment":[{"href":"https:\/\/mzauto.ee\/en\/wp-json\/wp\/v2\/media?parent=3763"}],"wp:term":[{"taxonomy":"product_brand","embeddable":true,"href":"https:\/\/mzauto.ee\/en\/wp-json\/wp\/v2\/product_brand?post=3763"},{"taxonomy":"product_cat","embeddable":true,"href":"https:\/\/mzauto.ee\/en\/wp-json\/wp\/v2\/product_cat?post=3763"},{"taxonomy":"product_tag","embeddable":true,"href":"https:\/\/mzauto.ee\/en\/wp-json\/wp\/v2\/product_tag?post=3763"}],"curies":[{"name":"wp","href":"https:\/\/api.w.org\/{rel}","templated":true}]}}