{"id":3736,"date":"2021-11-24T18:08:50","date_gmt":"2021-11-24T18:08:50","guid":{"rendered":"https:\/\/mzauto.ee\/?post_type=product&#038;p=3736"},"modified":"2024-01-22T12:38:40","modified_gmt":"2024-01-22T12:38:40","slug":"eelsuutekuunalde-moodul-taastatud-bmw-e-seeria","status":"publish","type":"product","link":"https:\/\/mzauto.ee\/en\/toode\/eelsuutekuunalde-moodul-taastatud-bmw-e-seeria\/","title":{"rendered":"Eels\u00fc\u00fctek\u00fc\u00fcnalde moodul taastatud (BMW E-seeria)"},"content":{"rendered":"<p>Kvaliteetselt taastatud garantiiga BMW M57 mootorile 6 silindri eels\u00fc\u00fctek\u00fc\u00fcnalde moodul BERU v\u00f5i OE. Probleemne toitejuhtme pistik on tehtud otseks ja asendatud juhtmega. Sees kehvad liited parendatud, tehase n\u00f5rgad kohad \u00fcle k\u00e4idud.<\/p>\n<p><strong>NB! Ainult vahetusfondina pakkumine &#8211; asemele vaja teie vana BERU v\u00f5i OE moodulit (v\u00f5ib olla mittetoimiv).\u00a0<\/strong><\/p>\n<p>V\u00f5imalik teostada vahetus kohapeal MZ Autoteeninduses.<\/p>\n<p>Tootekood: BERU GSE 102 v\u00f5i OE Kood &#8211; 12 217 788 327<\/p>\n<p>&nbsp;<\/p>\n","protected":false},"excerpt":{"rendered":"<p>Kvaliteetselt taastatud garantiiga BMW M57 mootorile 6 silindri eels\u00fc\u00fctek\u00fc\u00fcnalde moodul BERU v\u00f5i OE. Probleemne toitejuhtme pistik on tehtud otseks ja asendatud juhtmega. Sees kehvad liited parendatud,<span class=\"excerpt-hellip\"> [\u2026]<\/span><\/p>\n","protected":false},"featured_media":3737,"template":"","meta":{"_monsterinsights_skip_tracking":false,"_monsterinsights_sitenote_active":false,"_monsterinsights_sitenote_note":"","_monsterinsights_sitenote_category":0},"product_brand":[],"product_cat":[64],"product_tag":[],"class_list":{"0":"post-3736","1":"product","2":"type-product","3":"status-publish","4":"has-post-thumbnail","6":"product_cat-elekter","8":"first","9":"instock","10":"taxable","11":"shipping-taxable","12":"purchasable","13":"product-type-simple"},"_links":{"self":[{"href":"https:\/\/mzauto.ee\/en\/wp-json\/wp\/v2\/product\/3736","targetHints":{"allow":["GET"]}}],"collection":[{"href":"https:\/\/mzauto.ee\/en\/wp-json\/wp\/v2\/product"}],"about":[{"href":"https:\/\/mzauto.ee\/en\/wp-json\/wp\/v2\/types\/product"}],"wp:featuredmedia":[{"embeddable":true,"href":"https:\/\/mzauto.ee\/en\/wp-json\/wp\/v2\/media\/3737"}],"wp:attachment":[{"href":"https:\/\/mzauto.ee\/en\/wp-json\/wp\/v2\/media?parent=3736"}],"wp:term":[{"taxonomy":"product_brand","embeddable":true,"href":"https:\/\/mzauto.ee\/en\/wp-json\/wp\/v2\/product_brand?post=3736"},{"taxonomy":"product_cat","embeddable":true,"href":"https:\/\/mzauto.ee\/en\/wp-json\/wp\/v2\/product_cat?post=3736"},{"taxonomy":"product_tag","embeddable":true,"href":"https:\/\/mzauto.ee\/en\/wp-json\/wp\/v2\/product_tag?post=3736"}],"curies":[{"name":"wp","href":"https:\/\/api.w.org\/{rel}","templated":true}]}}