{"id":3723,"date":"2021-11-23T17:57:11","date_gmt":"2021-11-23T17:57:11","guid":{"rendered":"https:\/\/mzauto.ee\/?post_type=product&#038;p=3723"},"modified":"2023-12-22T14:09:13","modified_gmt":"2023-12-22T14:09:13","slug":"silverproject-hudrauliline-kasipidur","status":"publish","type":"product","link":"https:\/\/mzauto.ee\/en\/toode\/silverproject-hudrauliline-kasipidur\/","title":{"rendered":"Lukustiga h\u00fcdrauliline k\u00e4sipidur (reguleeritava pikkusega)"},"content":{"rendered":"<p>Silver Project h\u00fcdrauliline k\u00e4sipidur, 0,625 silindriga. Reguleeritava pikkusega. Optimaalne k\u00e4sipidurikang v\u00f5imsa pumbaga tagab rataste lukustumise isegi laiemate rehvide kasutamise korral. Tugeva, kuid kerge disainiga. K\u00e4sipidurikangi saab paigutada m\u00f5lemat pidi. Pehme kattega kangiosa. Materjaliks tugev teras. V\u00f5imalik kasutada nii vertikaalse kui ka horisontaalse asetusega.<\/p>\n<p>V\u00f5imalus paigaldada MZ Autoteeninduses.<\/p>\n","protected":false},"excerpt":{"rendered":"<p>Tootja: Silver Project<\/p>\n","protected":false},"featured_media":6058,"template":"","meta":{"_monsterinsights_skip_tracking":false,"_monsterinsights_sitenote_active":false,"_monsterinsights_sitenote_note":"","_monsterinsights_sitenote_category":0},"product_brand":[],"product_cat":[73,63],"product_tag":[],"class_list":{"0":"post-3723","1":"product","2":"type-product","3":"status-publish","4":"has-post-thumbnail","6":"product_cat-kaigukangid-ja-kasipidurid","7":"product_cat-salong","9":"first","10":"instock","11":"taxable","12":"shipping-taxable","13":"purchasable","14":"product-type-simple"},"_links":{"self":[{"href":"https:\/\/mzauto.ee\/en\/wp-json\/wp\/v2\/product\/3723","targetHints":{"allow":["GET"]}}],"collection":[{"href":"https:\/\/mzauto.ee\/en\/wp-json\/wp\/v2\/product"}],"about":[{"href":"https:\/\/mzauto.ee\/en\/wp-json\/wp\/v2\/types\/product"}],"wp:featuredmedia":[{"embeddable":true,"href":"https:\/\/mzauto.ee\/en\/wp-json\/wp\/v2\/media\/6058"}],"wp:attachment":[{"href":"https:\/\/mzauto.ee\/en\/wp-json\/wp\/v2\/media?parent=3723"}],"wp:term":[{"taxonomy":"product_brand","embeddable":true,"href":"https:\/\/mzauto.ee\/en\/wp-json\/wp\/v2\/product_brand?post=3723"},{"taxonomy":"product_cat","embeddable":true,"href":"https:\/\/mzauto.ee\/en\/wp-json\/wp\/v2\/product_cat?post=3723"},{"taxonomy":"product_tag","embeddable":true,"href":"https:\/\/mzauto.ee\/en\/wp-json\/wp\/v2\/product_tag?post=3723"}],"curies":[{"name":"wp","href":"https:\/\/api.w.org\/{rel}","templated":true}]}}