{"id":3599,"date":"2021-11-21T08:04:21","date_gmt":"2021-11-21T08:04:21","guid":{"rendered":"https:\/\/mzauto.ee\/?post_type=product&#038;p=3599"},"modified":"2024-03-25T08:05:21","modified_gmt":"2024-03-25T08:05:21","slug":"bmw-e30-karterikaitse","status":"publish","type":"product","link":"https:\/\/mzauto.ee\/en\/toode\/bmw-e30-karterikaitse\/","title":{"rendered":"BMW E30 karterikaitse"},"content":{"rendered":"<p>BMW E30 k\u00f5igile mudelitele ja mootorit\u00fc\u00fcpidele sobiv tugev karterikaitse. Paksus 3MM, materjal Domex 700, v\u00e4rvus must.<\/p>\n<p>Soovi korral paigaldus meie teeninduses.<\/p>\n","protected":false},"excerpt":{"rendered":"<p>BMW E30 k\u00f5igile mudelitele ja mootorit\u00fc\u00fcpidele sobiv tugev karterikaitse. Paksus 3MM, materjal Domex 700, v\u00e4rvus must. Soovi korral paigaldus meie teeninduses.<\/p>\n","protected":false},"featured_media":3600,"template":"","meta":{"_monsterinsights_skip_tracking":false,"_monsterinsights_sitenote_active":false,"_monsterinsights_sitenote_note":"","_monsterinsights_sitenote_category":0},"product_brand":[],"product_cat":[45],"product_tag":[],"class_list":{"0":"post-3599","1":"product","2":"type-product","3":"status-publish","4":"has-post-thumbnail","6":"product_cat-kereosad","8":"first","9":"outofstock","10":"taxable","11":"shipping-taxable","12":"purchasable","13":"product-type-simple"},"_links":{"self":[{"href":"https:\/\/mzauto.ee\/en\/wp-json\/wp\/v2\/product\/3599","targetHints":{"allow":["GET"]}}],"collection":[{"href":"https:\/\/mzauto.ee\/en\/wp-json\/wp\/v2\/product"}],"about":[{"href":"https:\/\/mzauto.ee\/en\/wp-json\/wp\/v2\/types\/product"}],"wp:featuredmedia":[{"embeddable":true,"href":"https:\/\/mzauto.ee\/en\/wp-json\/wp\/v2\/media\/3600"}],"wp:attachment":[{"href":"https:\/\/mzauto.ee\/en\/wp-json\/wp\/v2\/media?parent=3599"}],"wp:term":[{"taxonomy":"product_brand","embeddable":true,"href":"https:\/\/mzauto.ee\/en\/wp-json\/wp\/v2\/product_brand?post=3599"},{"taxonomy":"product_cat","embeddable":true,"href":"https:\/\/mzauto.ee\/en\/wp-json\/wp\/v2\/product_cat?post=3599"},{"taxonomy":"product_tag","embeddable":true,"href":"https:\/\/mzauto.ee\/en\/wp-json\/wp\/v2\/product_tag?post=3599"}],"curies":[{"name":"wp","href":"https:\/\/api.w.org\/{rel}","templated":true}]}}