{"id":3590,"date":"2021-11-21T07:43:08","date_gmt":"2021-11-21T07:43:08","guid":{"rendered":"https:\/\/mzauto.ee\/?post_type=product&#038;p=3590"},"modified":"2024-03-12T06:38:17","modified_gmt":"2024-03-12T06:38:17","slug":"bmw-poordklappide-pimedad-33mm","status":"publish","type":"product","link":"https:\/\/mzauto.ee\/en\/toode\/bmw-poordklappide-pimedad-33mm\/","title":{"rendered":"BMW p\u00f6\u00f6rdklappide pimedad 33MM"},"content":{"rendered":"<p>BMW p\u00f6\u00f6rdklappide pimedad 33MM. Komplekt sisaldab 6 x 33MM p\u00f6\u00f6rdklappide pimedaid (swirl flap) ja 13 osast koosnevat tihenditekomplekti.<\/p>\n<p>Sobivus M47\/M57\/M57N2 mootoritele (R6 diislid) alates 2004.<\/p>\n<p>NB! Palume enne ostmist veenduda, kas teie s\u00f5iduk kasutab 22MM v\u00f5i 33MM p\u00f6\u00f6rdklappe.<\/p>\n<p>Soovi korral paigaldus MZ Autoteeninduses.<\/p>\n","protected":false},"excerpt":{"rendered":"<p>BMW p\u00f6\u00f6rdklappide pimedad 33MM. Komplekt sisaldab 6 x 33MM p\u00f6\u00f6rdklappide pimedaid (swirl flap) ja 13 osast koosnevat tihenditekomplekti. Sobivus M47\/M57\/M57N2 mootoritele (R6 diislid) alates 2004. NB!<span class=\"excerpt-hellip\"> [\u2026]<\/span><\/p>\n","protected":false},"featured_media":3591,"template":"","meta":{"_monsterinsights_skip_tracking":false,"_monsterinsights_sitenote_active":false,"_monsterinsights_sitenote_note":"","_monsterinsights_sitenote_category":0},"product_brand":[],"product_cat":[31],"product_tag":[],"class_list":{"0":"post-3590","1":"product","2":"type-product","3":"status-publish","4":"has-post-thumbnail","6":"product_cat-mootoriosad","8":"first","9":"outofstock","10":"taxable","11":"shipping-taxable","12":"purchasable","13":"product-type-simple"},"_links":{"self":[{"href":"https:\/\/mzauto.ee\/en\/wp-json\/wp\/v2\/product\/3590","targetHints":{"allow":["GET"]}}],"collection":[{"href":"https:\/\/mzauto.ee\/en\/wp-json\/wp\/v2\/product"}],"about":[{"href":"https:\/\/mzauto.ee\/en\/wp-json\/wp\/v2\/types\/product"}],"wp:featuredmedia":[{"embeddable":true,"href":"https:\/\/mzauto.ee\/en\/wp-json\/wp\/v2\/media\/3591"}],"wp:attachment":[{"href":"https:\/\/mzauto.ee\/en\/wp-json\/wp\/v2\/media?parent=3590"}],"wp:term":[{"taxonomy":"product_brand","embeddable":true,"href":"https:\/\/mzauto.ee\/en\/wp-json\/wp\/v2\/product_brand?post=3590"},{"taxonomy":"product_cat","embeddable":true,"href":"https:\/\/mzauto.ee\/en\/wp-json\/wp\/v2\/product_cat?post=3590"},{"taxonomy":"product_tag","embeddable":true,"href":"https:\/\/mzauto.ee\/en\/wp-json\/wp\/v2\/product_tag?post=3590"}],"curies":[{"name":"wp","href":"https:\/\/api.w.org\/{rel}","templated":true}]}}