{"id":3460,"date":"2021-11-18T19:59:58","date_gmt":"2021-11-18T19:59:58","guid":{"rendered":"https:\/\/mzauto.ee\/?post_type=product&#038;p=3460"},"modified":"2026-02-25T18:14:10","modified_gmt":"2026-02-25T18:14:10","slug":"bmw-sidurikapa-tugipuks-pikem","status":"publish","type":"product","link":"https:\/\/mzauto.ee\/en\/toode\/bmw-sidurikapa-tugipuks-pikem\/","title":{"rendered":"BMW sidurik\u00e4pa tugipuks pikem"},"content":{"rendered":"<p>BMW sidurik\u00e4pa tugipuks. Pikem versioon, mis on m\u00f5eldud kasutamiseks erinevate BMW manuaalsete k\u00e4igukastidega. M\u00f5eldud kasutuseks komplektis kergete \u00fchemassiliste hooratastega. Viib sidurik\u00e4pa l\u00e4hemale ja loomulikku asendisse. Tehtud terasest.<\/p>\n<p>&nbsp;<\/p>\n<p>&nbsp;<\/p>\n","protected":false},"excerpt":{"rendered":"<p>BMW sidurik\u00e4pa tugipuks. Pikem versioon, mis on m\u00f5eldud kasutamiseks erinevate BMW manuaalsete k\u00e4igukastidega. M\u00f5eldud kasutuseks komplektis kergete \u00fchemassiliste hooratastega. Viib sidurik\u00e4pa l\u00e4hemale ja loomulikku asendisse. Tehtud<span class=\"excerpt-hellip\"> [\u2026]<\/span><\/p>\n","protected":false},"featured_media":3461,"template":"","meta":{"_monsterinsights_skip_tracking":false,"_monsterinsights_sitenote_active":false,"_monsterinsights_sitenote_note":"","_monsterinsights_sitenote_category":0},"product_brand":[],"product_cat":[47],"product_tag":[],"class_list":{"0":"post-3460","1":"product","2":"type-product","3":"status-publish","4":"has-post-thumbnail","6":"product_cat-jouulekanne","8":"first","9":"instock","10":"taxable","11":"shipping-taxable","12":"purchasable","13":"product-type-simple"},"_links":{"self":[{"href":"https:\/\/mzauto.ee\/en\/wp-json\/wp\/v2\/product\/3460","targetHints":{"allow":["GET"]}}],"collection":[{"href":"https:\/\/mzauto.ee\/en\/wp-json\/wp\/v2\/product"}],"about":[{"href":"https:\/\/mzauto.ee\/en\/wp-json\/wp\/v2\/types\/product"}],"wp:featuredmedia":[{"embeddable":true,"href":"https:\/\/mzauto.ee\/en\/wp-json\/wp\/v2\/media\/3461"}],"wp:attachment":[{"href":"https:\/\/mzauto.ee\/en\/wp-json\/wp\/v2\/media?parent=3460"}],"wp:term":[{"taxonomy":"product_brand","embeddable":true,"href":"https:\/\/mzauto.ee\/en\/wp-json\/wp\/v2\/product_brand?post=3460"},{"taxonomy":"product_cat","embeddable":true,"href":"https:\/\/mzauto.ee\/en\/wp-json\/wp\/v2\/product_cat?post=3460"},{"taxonomy":"product_tag","embeddable":true,"href":"https:\/\/mzauto.ee\/en\/wp-json\/wp\/v2\/product_tag?post=3460"}],"curies":[{"name":"wp","href":"https:\/\/api.w.org\/{rel}","templated":true}]}}