{"id":2294,"date":"2021-11-01T19:11:31","date_gmt":"2021-11-01T19:11:31","guid":{"rendered":"https:\/\/mzauto.ee\/?post_type=product&#038;p=2294"},"modified":"2022-10-20T19:14:50","modified_gmt":"2022-10-20T19:14:50","slug":"bmw-pro-shortshifter-luhem","status":"publish","type":"product","link":"https:\/\/mzauto.ee\/en\/toode\/bmw-pro-shortshifter-luhem\/","title":{"rendered":"BMW Pro-Shortshifter (Pikem)"},"content":{"rendered":"<p>Otse kere k\u00fclge polditav BMW shortshifter. Uniballil lahendus, reguleeritava k\u00e4igu pikkusega. Pikem variant &#8211; salongis oleva osa pikkus 266mm. K\u00e4igukanginupp keermega ja vahetatav. Soovitatav kasutada koos j\u00e4ikade k\u00e4igukastipatjadega Strongflex. Sobivus BMW E30\/E34\/E36\/E39\/E46.<\/p>\n","protected":false},"excerpt":{"rendered":"<p>Tootja: PMY<\/p>\n","protected":false},"featured_media":2295,"template":"","meta":{"_monsterinsights_skip_tracking":false,"_monsterinsights_sitenote_active":false,"_monsterinsights_sitenote_note":"","_monsterinsights_sitenote_category":0},"product_brand":[],"product_cat":[73,63],"product_tag":[],"class_list":{"0":"post-2294","1":"product","2":"type-product","3":"status-publish","4":"has-post-thumbnail","6":"product_cat-kaigukangid-ja-kasipidurid","7":"product_cat-salong","9":"first","10":"outofstock","11":"taxable","12":"shipping-taxable","13":"purchasable","14":"product-type-simple"},"_links":{"self":[{"href":"https:\/\/mzauto.ee\/en\/wp-json\/wp\/v2\/product\/2294","targetHints":{"allow":["GET"]}}],"collection":[{"href":"https:\/\/mzauto.ee\/en\/wp-json\/wp\/v2\/product"}],"about":[{"href":"https:\/\/mzauto.ee\/en\/wp-json\/wp\/v2\/types\/product"}],"wp:featuredmedia":[{"embeddable":true,"href":"https:\/\/mzauto.ee\/en\/wp-json\/wp\/v2\/media\/2295"}],"wp:attachment":[{"href":"https:\/\/mzauto.ee\/en\/wp-json\/wp\/v2\/media?parent=2294"}],"wp:term":[{"taxonomy":"product_brand","embeddable":true,"href":"https:\/\/mzauto.ee\/en\/wp-json\/wp\/v2\/product_brand?post=2294"},{"taxonomy":"product_cat","embeddable":true,"href":"https:\/\/mzauto.ee\/en\/wp-json\/wp\/v2\/product_cat?post=2294"},{"taxonomy":"product_tag","embeddable":true,"href":"https:\/\/mzauto.ee\/en\/wp-json\/wp\/v2\/product_tag?post=2294"}],"curies":[{"name":"wp","href":"https:\/\/api.w.org\/{rel}","templated":true}]}}