{"id":13240,"date":"2026-02-18T21:34:18","date_gmt":"2026-02-18T21:34:18","guid":{"rendered":"https:\/\/mzauto.ee\/?post_type=product&#038;p=13240"},"modified":"2026-02-18T21:38:41","modified_gmt":"2026-02-18T21:38:41","slug":"hudrauliline-kasipidur-e46-peidetav","status":"publish","type":"product","link":"https:\/\/mzauto.ee\/en\/toode\/hudrauliline-kasipidur-e46-peidetav\/","title":{"rendered":"Peidetav E46 h\u00fcdrauliline k\u00e4sipidur 0.75 (CNC71)"},"content":{"rendered":"<p>H\u00fcdrauliline k\u00e4sipidur CNC71, peidetav ja kang eemaldatav (keermega). M\u00f5eldud BMW E46 mudelile. Tugeva ehitusega raam. T\u00f6\u00f6silinder 0,750. K\u00f5ige l\u00fchema k\u00e4iguga, raskem t\u00f5mmata, v\u00e4ga konkreetne.<\/p>\n<p>V\u00f5imalus paigaldada MZ Autoteeninduses.<\/p>\n<p>&nbsp;<\/p>\n","protected":false},"excerpt":{"rendered":"<p>Tootja: CNC71<\/p>\n","protected":false},"featured_media":13241,"template":"","meta":{"_monsterinsights_skip_tracking":false,"_monsterinsights_sitenote_active":false,"_monsterinsights_sitenote_note":"","_monsterinsights_sitenote_category":0},"product_brand":[],"product_cat":[73,63],"product_tag":[],"class_list":{"0":"post-13240","1":"product","2":"type-product","3":"status-publish","4":"has-post-thumbnail","6":"product_cat-kaigukangid-ja-kasipidurid","7":"product_cat-salong","9":"first","10":"instock","11":"taxable","12":"shipping-taxable","13":"purchasable","14":"product-type-simple"},"_links":{"self":[{"href":"https:\/\/mzauto.ee\/en\/wp-json\/wp\/v2\/product\/13240","targetHints":{"allow":["GET"]}}],"collection":[{"href":"https:\/\/mzauto.ee\/en\/wp-json\/wp\/v2\/product"}],"about":[{"href":"https:\/\/mzauto.ee\/en\/wp-json\/wp\/v2\/types\/product"}],"wp:featuredmedia":[{"embeddable":true,"href":"https:\/\/mzauto.ee\/en\/wp-json\/wp\/v2\/media\/13241"}],"wp:attachment":[{"href":"https:\/\/mzauto.ee\/en\/wp-json\/wp\/v2\/media?parent=13240"}],"wp:term":[{"taxonomy":"product_brand","embeddable":true,"href":"https:\/\/mzauto.ee\/en\/wp-json\/wp\/v2\/product_brand?post=13240"},{"taxonomy":"product_cat","embeddable":true,"href":"https:\/\/mzauto.ee\/en\/wp-json\/wp\/v2\/product_cat?post=13240"},{"taxonomy":"product_tag","embeddable":true,"href":"https:\/\/mzauto.ee\/en\/wp-json\/wp\/v2\/product_tag?post=13240"}],"curies":[{"name":"wp","href":"https:\/\/api.w.org\/{rel}","templated":true}]}}