{"id":13223,"date":"2026-02-04T20:29:52","date_gmt":"2026-02-04T20:29:52","guid":{"rendered":"https:\/\/mzauto.ee\/?post_type=product&#038;p=13223"},"modified":"2026-02-19T17:12:44","modified_gmt":"2026-02-19T17:12:44","slug":"cnc71-shifter","status":"publish","type":"product","link":"https:\/\/mzauto.ee\/en\/toode\/cnc71-shifter\/","title":{"rendered":"CNC71 Short Shifter BMW E30 E36 E46"},"content":{"rendered":"<p>Otse kere k\u00fclge polditav alumiiniumist BMW E46 Short Shifter. Tugev PA6 alumiiniumist lahendus. Kangi ja nupu v\u00e4rvus must. Paigaldamiseks ei vaja lisaosasid, samuti pole vaja midagi puurida ega \u00fcmber t\u00f6\u00f6delda &#8211; keerake vana k\u00e4igukang lahti ja paigaldage Short Shifter auto salongi poolt &#8211; sisestage kere poolelt keermestatud seib ja keerake see kokku.<\/p>\n<p>Sobivus BMW E30 E36 E46<\/p>\n<p>Soovitatav kasutada koos j\u00e4ikade k\u00e4igukastipatjadega Strongflex.<\/p>\n<p>&nbsp;<\/p>\n","protected":false},"excerpt":{"rendered":"<p>Tootja: CNC71<\/p>\n","protected":false},"featured_media":13224,"template":"","meta":{"_monsterinsights_skip_tracking":false,"_monsterinsights_sitenote_active":false,"_monsterinsights_sitenote_note":"","_monsterinsights_sitenote_category":0},"product_brand":[],"product_cat":[73,63],"product_tag":[],"class_list":{"0":"post-13223","1":"product","2":"type-product","3":"status-publish","4":"has-post-thumbnail","6":"product_cat-kaigukangid-ja-kasipidurid","7":"product_cat-salong","9":"first","10":"outofstock","11":"taxable","12":"shipping-taxable","13":"purchasable","14":"product-type-simple"},"_links":{"self":[{"href":"https:\/\/mzauto.ee\/en\/wp-json\/wp\/v2\/product\/13223","targetHints":{"allow":["GET"]}}],"collection":[{"href":"https:\/\/mzauto.ee\/en\/wp-json\/wp\/v2\/product"}],"about":[{"href":"https:\/\/mzauto.ee\/en\/wp-json\/wp\/v2\/types\/product"}],"wp:featuredmedia":[{"embeddable":true,"href":"https:\/\/mzauto.ee\/en\/wp-json\/wp\/v2\/media\/13224"}],"wp:attachment":[{"href":"https:\/\/mzauto.ee\/en\/wp-json\/wp\/v2\/media?parent=13223"}],"wp:term":[{"taxonomy":"product_brand","embeddable":true,"href":"https:\/\/mzauto.ee\/en\/wp-json\/wp\/v2\/product_brand?post=13223"},{"taxonomy":"product_cat","embeddable":true,"href":"https:\/\/mzauto.ee\/en\/wp-json\/wp\/v2\/product_cat?post=13223"},{"taxonomy":"product_tag","embeddable":true,"href":"https:\/\/mzauto.ee\/en\/wp-json\/wp\/v2\/product_tag?post=13223"}],"curies":[{"name":"wp","href":"https:\/\/api.w.org\/{rel}","templated":true}]}}