{"id":13049,"date":"2025-10-20T20:36:54","date_gmt":"2025-10-20T20:36:54","guid":{"rendered":"https:\/\/mzauto.ee\/?post_type=product&#038;p=13049"},"modified":"2026-02-08T20:33:48","modified_gmt":"2026-02-08T20:33:48","slug":"naba-sportrooli-kiirkinnitus-titaanium","status":"publish","type":"product","link":"https:\/\/mzauto.ee\/en\/toode\/naba-sportrooli-kiirkinnitus-titaanium\/","title":{"rendered":"Naba Sportrooli kiirkinnitus (Titaanium)"},"content":{"rendered":"<p>Rooli kiirkinnitus ehk seade, mille abil on v\u00f5imalik rool kiirelt kahe liigutusega eemaldada ja autost v\u00e4ljuda. Kaasas on 6 kinnituskruvi, mis v\u00f5imaldavad seda kasutada enamikel sportroolidel.<\/p>\n<p>Diameeter 81mm, k\u00f5rgus 67mm<\/p>\n<p>Kiirkinnitus lukustub kuullaagritele\u00a0 ja see vastab k\u00f5igile ohutusstandarditele.<\/p>\n<p>Kiirkinnitus on valmistatud alumiiniumist.<\/p>\n","protected":false},"excerpt":{"rendered":"<p>Rooli kiirkinnitus ehk seade, mille abil on v\u00f5imalik rool kiirelt kahe liigutusega eemaldada ja autost v\u00e4ljuda. Kaasas on 6 kinnituskruvi, mis v\u00f5imaldavad seda kasutada enamikel sportroolidel.<span class=\"excerpt-hellip\"> [\u2026]<\/span><\/p>\n","protected":false},"featured_media":13050,"template":"","meta":{"_monsterinsights_skip_tracking":false,"_monsterinsights_sitenote_active":false,"_monsterinsights_sitenote_note":"","_monsterinsights_sitenote_category":0},"product_brand":[],"product_cat":[72,63],"product_tag":[],"class_list":{"0":"post-13049","1":"product","2":"type-product","3":"status-publish","4":"has-post-thumbnail","6":"product_cat-roolid-ja-adapterid","7":"product_cat-salong","9":"first","10":"instock","11":"taxable","12":"shipping-taxable","13":"purchasable","14":"product-type-simple"},"_links":{"self":[{"href":"https:\/\/mzauto.ee\/en\/wp-json\/wp\/v2\/product\/13049","targetHints":{"allow":["GET"]}}],"collection":[{"href":"https:\/\/mzauto.ee\/en\/wp-json\/wp\/v2\/product"}],"about":[{"href":"https:\/\/mzauto.ee\/en\/wp-json\/wp\/v2\/types\/product"}],"wp:featuredmedia":[{"embeddable":true,"href":"https:\/\/mzauto.ee\/en\/wp-json\/wp\/v2\/media\/13050"}],"wp:attachment":[{"href":"https:\/\/mzauto.ee\/en\/wp-json\/wp\/v2\/media?parent=13049"}],"wp:term":[{"taxonomy":"product_brand","embeddable":true,"href":"https:\/\/mzauto.ee\/en\/wp-json\/wp\/v2\/product_brand?post=13049"},{"taxonomy":"product_cat","embeddable":true,"href":"https:\/\/mzauto.ee\/en\/wp-json\/wp\/v2\/product_cat?post=13049"},{"taxonomy":"product_tag","embeddable":true,"href":"https:\/\/mzauto.ee\/en\/wp-json\/wp\/v2\/product_tag?post=13049"}],"curies":[{"name":"wp","href":"https:\/\/api.w.org\/{rel}","templated":true}]}}