{"id":12401,"date":"2025-01-16T21:15:21","date_gmt":"2025-01-16T21:15:21","guid":{"rendered":"https:\/\/mzauto.ee\/?post_type=product&#038;p=12401"},"modified":"2025-02-06T18:58:37","modified_gmt":"2025-02-06T18:58:37","slug":"hudrauliline-kasipidur-kjs","status":"publish","type":"product","link":"https:\/\/mzauto.ee\/en\/toode\/hudrauliline-kasipidur-kjs\/","title":{"rendered":"H\u00fcdrauliline k\u00e4sipidur KJS (eemaldatav kang)"},"content":{"rendered":"<p>H\u00fcdrauliline vertikaalse asendiga k\u00e4sipidur KJS, eemaldatava kangiga (keermega). Tugeva ehitusega terasest raam. T\u00f6\u00f6silinder 0,625. V\u00f5imalik kasutada peidetava h\u00fcdraulilise k\u00e4sipidurina.<\/p>\n<p>V\u00f5imalus paigaldada MZ Autoteeninduses.<\/p>\n<p>&nbsp;<\/p>\n","protected":false},"excerpt":{"rendered":"<p>Tootja: KJS<\/p>\n","protected":false},"featured_media":12402,"template":"","meta":{"_monsterinsights_skip_tracking":false,"_monsterinsights_sitenote_active":false,"_monsterinsights_sitenote_note":"","_monsterinsights_sitenote_category":0},"product_brand":[],"product_cat":[73,63],"product_tag":[],"class_list":{"0":"post-12401","1":"product","2":"type-product","3":"status-publish","4":"has-post-thumbnail","6":"product_cat-kaigukangid-ja-kasipidurid","7":"product_cat-salong","9":"first","10":"instock","11":"taxable","12":"shipping-taxable","13":"purchasable","14":"product-type-simple"},"_links":{"self":[{"href":"https:\/\/mzauto.ee\/en\/wp-json\/wp\/v2\/product\/12401","targetHints":{"allow":["GET"]}}],"collection":[{"href":"https:\/\/mzauto.ee\/en\/wp-json\/wp\/v2\/product"}],"about":[{"href":"https:\/\/mzauto.ee\/en\/wp-json\/wp\/v2\/types\/product"}],"wp:featuredmedia":[{"embeddable":true,"href":"https:\/\/mzauto.ee\/en\/wp-json\/wp\/v2\/media\/12402"}],"wp:attachment":[{"href":"https:\/\/mzauto.ee\/en\/wp-json\/wp\/v2\/media?parent=12401"}],"wp:term":[{"taxonomy":"product_brand","embeddable":true,"href":"https:\/\/mzauto.ee\/en\/wp-json\/wp\/v2\/product_brand?post=12401"},{"taxonomy":"product_cat","embeddable":true,"href":"https:\/\/mzauto.ee\/en\/wp-json\/wp\/v2\/product_cat?post=12401"},{"taxonomy":"product_tag","embeddable":true,"href":"https:\/\/mzauto.ee\/en\/wp-json\/wp\/v2\/product_tag?post=12401"}],"curies":[{"name":"wp","href":"https:\/\/api.w.org\/{rel}","templated":true}]}}