{"id":12113,"date":"2024-10-28T19:26:15","date_gmt":"2024-10-28T19:26:15","guid":{"rendered":"https:\/\/mzauto.ee\/?post_type=product&#038;p=12113"},"modified":"2025-01-16T21:15:04","modified_gmt":"2025-01-16T21:15:04","slug":"lukustiga-hudrauliline-kasipidur-lanos","status":"publish","type":"product","link":"https:\/\/mzauto.ee\/en\/toode\/lukustiga-hudrauliline-kasipidur-lanos\/","title":{"rendered":"Lukustiga h\u00fcdrauliline k\u00e4sipidur (Lanos pumbaga)"},"content":{"rendered":"<p>H\u00fcdrauliline k\u00e4sipidur, 0,625 silindriga (Lanos). Optimaalne k\u00e4sipidurikang v\u00f5imsa pumbaga tagab rataste lukustumise isegi laiemate rehvide kasutamise korral. Tugeva, kuid kerge disainiga. Pehme kattega kangiosa. V\u00f5imalik lukustada, et k\u00e4sipidur oleks peal.<\/p>\n<p>V\u00f5imalus paigaldada MZ Autoteeninduses.<\/p>\n","protected":false},"excerpt":{"rendered":"<p>H\u00fcdrauliline k\u00e4sipidur, 0,625 silindriga (Lanos). Optimaalne k\u00e4sipidurikang v\u00f5imsa pumbaga tagab rataste lukustumise isegi laiemate rehvide kasutamise korral. Tugeva, kuid kerge disainiga. Pehme kattega kangiosa. V\u00f5imalik lukustada,<span class=\"excerpt-hellip\"> [\u2026]<\/span><\/p>\n","protected":false},"featured_media":12114,"template":"","meta":{"_monsterinsights_skip_tracking":false,"_monsterinsights_sitenote_active":false,"_monsterinsights_sitenote_note":"","_monsterinsights_sitenote_category":0},"product_brand":[],"product_cat":[73,63],"product_tag":[],"class_list":{"0":"post-12113","1":"product","2":"type-product","3":"status-publish","4":"has-post-thumbnail","6":"product_cat-kaigukangid-ja-kasipidurid","7":"product_cat-salong","9":"first","10":"instock","11":"taxable","12":"shipping-taxable","13":"purchasable","14":"product-type-simple"},"_links":{"self":[{"href":"https:\/\/mzauto.ee\/en\/wp-json\/wp\/v2\/product\/12113","targetHints":{"allow":["GET"]}}],"collection":[{"href":"https:\/\/mzauto.ee\/en\/wp-json\/wp\/v2\/product"}],"about":[{"href":"https:\/\/mzauto.ee\/en\/wp-json\/wp\/v2\/types\/product"}],"wp:featuredmedia":[{"embeddable":true,"href":"https:\/\/mzauto.ee\/en\/wp-json\/wp\/v2\/media\/12114"}],"wp:attachment":[{"href":"https:\/\/mzauto.ee\/en\/wp-json\/wp\/v2\/media?parent=12113"}],"wp:term":[{"taxonomy":"product_brand","embeddable":true,"href":"https:\/\/mzauto.ee\/en\/wp-json\/wp\/v2\/product_brand?post=12113"},{"taxonomy":"product_cat","embeddable":true,"href":"https:\/\/mzauto.ee\/en\/wp-json\/wp\/v2\/product_cat?post=12113"},{"taxonomy":"product_tag","embeddable":true,"href":"https:\/\/mzauto.ee\/en\/wp-json\/wp\/v2\/product_tag?post=12113"}],"curies":[{"name":"wp","href":"https:\/\/api.w.org\/{rel}","templated":true}]}}