{"id":12072,"date":"2024-10-12T17:34:25","date_gmt":"2024-10-12T17:34:25","guid":{"rendered":"https:\/\/mzauto.ee\/?post_type=product&#038;p=12072"},"modified":"2025-11-24T18:35:47","modified_gmt":"2025-11-24T18:35:47","slug":"hudrauliline-kasipidur-reverse-lanos-2","status":"publish","type":"product","link":"https:\/\/mzauto.ee\/en\/toode\/hudrauliline-kasipidur-reverse-lanos-2\/","title":{"rendered":"H\u00fcdrauliline k\u00e4sipidur Reverse Lanos"},"content":{"rendered":"<p>H\u00fcdrauliline k\u00e4sipidur, mis t\u00f6\u00f6tab tagurpidi (Reverse). Paigaldatakse paigutusega t\u00f6\u00f6silinder armatuuri poole ja k\u00e4sipiduri kang juhi poole. Tugeva ehitusega. T\u00f6\u00f6silinder 0,625 Lanos on komplektis kaasas. Kangiosa kogupikkus on 425mm<\/p>\n<p>V\u00f5imalus paigaldada MZ Autoteeninduses.<\/p>\n<p><img fetchpriority=\"high\" decoding=\"async\" class=\"alignnone wp-image-12073\" src=\"https:\/\/mzauto.ee\/wp-content\/uploads\/2024\/10\/Hydraulic-handbrake-reverse-lanos-pump-15840_5.jpg\" alt=\"\" width=\"647\" height=\"431\" \/><\/p>\n","protected":false},"excerpt":{"rendered":"<p>H\u00fcdrauliline k\u00e4sipidur, mis t\u00f6\u00f6tab tagurpidi (Reverse). Paigaldatakse paigutusega t\u00f6\u00f6silinder armatuuri poole ja k\u00e4sipiduri kang juhi poole. Tugeva ehitusega. T\u00f6\u00f6silinder 0,625 Lanos on komplektis kaasas. Kangiosa kogupikkus<span class=\"excerpt-hellip\"> [\u2026]<\/span><\/p>\n","protected":false},"featured_media":10564,"template":"","meta":{"_monsterinsights_skip_tracking":false,"_monsterinsights_sitenote_active":false,"_monsterinsights_sitenote_note":"","_monsterinsights_sitenote_category":0},"product_brand":[],"product_cat":[73,63],"product_tag":[],"class_list":{"0":"post-12072","1":"product","2":"type-product","3":"status-publish","4":"has-post-thumbnail","6":"product_cat-kaigukangid-ja-kasipidurid","7":"product_cat-salong","9":"first","10":"outofstock","11":"taxable","12":"shipping-taxable","13":"purchasable","14":"product-type-simple"},"_links":{"self":[{"href":"https:\/\/mzauto.ee\/en\/wp-json\/wp\/v2\/product\/12072","targetHints":{"allow":["GET"]}}],"collection":[{"href":"https:\/\/mzauto.ee\/en\/wp-json\/wp\/v2\/product"}],"about":[{"href":"https:\/\/mzauto.ee\/en\/wp-json\/wp\/v2\/types\/product"}],"wp:featuredmedia":[{"embeddable":true,"href":"https:\/\/mzauto.ee\/en\/wp-json\/wp\/v2\/media\/10564"}],"wp:attachment":[{"href":"https:\/\/mzauto.ee\/en\/wp-json\/wp\/v2\/media?parent=12072"}],"wp:term":[{"taxonomy":"product_brand","embeddable":true,"href":"https:\/\/mzauto.ee\/en\/wp-json\/wp\/v2\/product_brand?post=12072"},{"taxonomy":"product_cat","embeddable":true,"href":"https:\/\/mzauto.ee\/en\/wp-json\/wp\/v2\/product_cat?post=12072"},{"taxonomy":"product_tag","embeddable":true,"href":"https:\/\/mzauto.ee\/en\/wp-json\/wp\/v2\/product_tag?post=12072"}],"curies":[{"name":"wp","href":"https:\/\/api.w.org\/{rel}","templated":true}]}}