{"id":12066,"date":"2024-10-12T17:29:28","date_gmt":"2024-10-12T17:29:28","guid":{"rendered":"https:\/\/mzauto.ee\/?post_type=product&#038;p=12066"},"modified":"2024-10-12T17:30:29","modified_gmt":"2024-10-12T17:30:29","slug":"sportrooli-kiirkinnitus-hobe","status":"publish","type":"product","link":"https:\/\/mzauto.ee\/en\/toode\/sportrooli-kiirkinnitus-hobe\/","title":{"rendered":"Sportrooli kiirkinnitus (H\u00f5bedane)"},"content":{"rendered":"<p>Rooli kiirkinnitus ehk seade, mille abil on v\u00f5imalik rool kiirelt kahe liigutusega eemaldada ja autost v\u00e4ljuda. Kaasas on 6 kinnituskruvi, mis v\u00f5imaldavad seda kasutada enamikel sportroolidel.<\/p>\n<p>Kiirkinnitus on lukustatud kuullaagritele ja see vastab k\u00f5igile ohutusstandarditele. Kaasas on tihvti kujul juhu lahti\u00fchendamise kaitse.<\/p>\n<p>Tegemist on v\u00e4ga \u00f5hukese mudeliga, mida iseloomustavad \u00fclimalt kompaktsed m\u00f5\u00f5tmed &#8211; k\u00f5rgus on vaid 2,5cm.<\/p>\n<p>Kiirkinnitus on valmistatud alumiiniumist T6061. K\u00f5rgus 25mm, l\u00e4bim\u00f5\u00f5t 80mm.<\/p>\n","protected":false},"excerpt":{"rendered":"<p>Rooli kiirkinnitus ehk seade, mille abil on v\u00f5imalik rool kiirelt kahe liigutusega eemaldada ja autost v\u00e4ljuda. Kaasas on 6 kinnituskruvi, mis v\u00f5imaldavad seda kasutada enamikel sportroolidel.<span class=\"excerpt-hellip\"> [\u2026]<\/span><\/p>\n","protected":false},"featured_media":12067,"template":"","meta":{"_monsterinsights_skip_tracking":false,"_monsterinsights_sitenote_active":false,"_monsterinsights_sitenote_note":"","_monsterinsights_sitenote_category":0},"product_brand":[],"product_cat":[72,63],"product_tag":[],"class_list":{"0":"post-12066","1":"product","2":"type-product","3":"status-publish","4":"has-post-thumbnail","6":"product_cat-roolid-ja-adapterid","7":"product_cat-salong","9":"first","10":"instock","11":"taxable","12":"shipping-taxable","13":"purchasable","14":"product-type-simple"},"_links":{"self":[{"href":"https:\/\/mzauto.ee\/en\/wp-json\/wp\/v2\/product\/12066","targetHints":{"allow":["GET"]}}],"collection":[{"href":"https:\/\/mzauto.ee\/en\/wp-json\/wp\/v2\/product"}],"about":[{"href":"https:\/\/mzauto.ee\/en\/wp-json\/wp\/v2\/types\/product"}],"wp:featuredmedia":[{"embeddable":true,"href":"https:\/\/mzauto.ee\/en\/wp-json\/wp\/v2\/media\/12067"}],"wp:attachment":[{"href":"https:\/\/mzauto.ee\/en\/wp-json\/wp\/v2\/media?parent=12066"}],"wp:term":[{"taxonomy":"product_brand","embeddable":true,"href":"https:\/\/mzauto.ee\/en\/wp-json\/wp\/v2\/product_brand?post=12066"},{"taxonomy":"product_cat","embeddable":true,"href":"https:\/\/mzauto.ee\/en\/wp-json\/wp\/v2\/product_cat?post=12066"},{"taxonomy":"product_tag","embeddable":true,"href":"https:\/\/mzauto.ee\/en\/wp-json\/wp\/v2\/product_tag?post=12066"}],"curies":[{"name":"wp","href":"https:\/\/api.w.org\/{rel}","templated":true}]}}