{"id":12060,"date":"2024-10-09T19:25:35","date_gmt":"2024-10-09T19:25:35","guid":{"rendered":"https:\/\/mzauto.ee\/?post_type=product&#038;p=12060"},"modified":"2026-02-06T19:56:22","modified_gmt":"2026-02-06T19:56:22","slug":"bmw-e46-odesa-poordenurga-suurendamise-adapterid","status":"publish","type":"product","link":"https:\/\/mzauto.ee\/en\/toode\/bmw-e46-odesa-poordenurga-suurendamise-adapterid\/","title":{"rendered":"BMW E46 ODESA p\u00f6\u00f6rdenurga suurendamise adapterid"},"content":{"rendered":"<p>BMW E46 p\u00f6\u00f6rdenurga suurendamise adapterid. Komplekt sisaldab kahte adapterit ja paigalduseks vajalike polte (4), mutreid (4) ja seibe. Materjaliks on C45 galvaniseeritud teras.<\/p>\n<p>Paigalduseks tuleb teha sisemised ja v\u00e4limised rooliotsad 1,5 cm l\u00fchemaks (kokku 6 cm terve s\u00f5iduki kohta)<\/p>\n<p>Adapteriga paigaldatava velje minimaalne sisemine l\u00e4bim\u00f5\u00f5t on 370 mm.<\/p>\n<p>Paigaldus v\u00f5imalik MZ Autoteeninduses.<\/p>\n","protected":false},"excerpt":{"rendered":"<p>Odesa<\/p>\n","protected":false},"featured_media":12061,"template":"","meta":{"_monsterinsights_skip_tracking":false,"_monsterinsights_sitenote_active":false,"_monsterinsights_sitenote_note":"","_monsterinsights_sitenote_category":0},"product_brand":[],"product_cat":[30],"product_tag":[],"class_list":{"0":"post-12060","1":"product","2":"type-product","3":"status-publish","4":"has-post-thumbnail","6":"product_cat-sillaosad","8":"first","9":"outofstock","10":"taxable","11":"shipping-taxable","12":"purchasable","13":"product-type-simple"},"_links":{"self":[{"href":"https:\/\/mzauto.ee\/en\/wp-json\/wp\/v2\/product\/12060","targetHints":{"allow":["GET"]}}],"collection":[{"href":"https:\/\/mzauto.ee\/en\/wp-json\/wp\/v2\/product"}],"about":[{"href":"https:\/\/mzauto.ee\/en\/wp-json\/wp\/v2\/types\/product"}],"wp:featuredmedia":[{"embeddable":true,"href":"https:\/\/mzauto.ee\/en\/wp-json\/wp\/v2\/media\/12061"}],"wp:attachment":[{"href":"https:\/\/mzauto.ee\/en\/wp-json\/wp\/v2\/media?parent=12060"}],"wp:term":[{"taxonomy":"product_brand","embeddable":true,"href":"https:\/\/mzauto.ee\/en\/wp-json\/wp\/v2\/product_brand?post=12060"},{"taxonomy":"product_cat","embeddable":true,"href":"https:\/\/mzauto.ee\/en\/wp-json\/wp\/v2\/product_cat?post=12060"},{"taxonomy":"product_tag","embeddable":true,"href":"https:\/\/mzauto.ee\/en\/wp-json\/wp\/v2\/product_tag?post=12060"}],"curies":[{"name":"wp","href":"https:\/\/api.w.org\/{rel}","templated":true}]}}